{"id":22036,"date":"2021-01-15T13:03:37","date_gmt":"2021-01-15T12:03:37","guid":{"rendered":"https:\/\/dreamonwedding.it\/product\/bougie-cone-23-cm\/"},"modified":"2021-01-15T13:03:37","modified_gmt":"2021-01-15T12:03:37","slug":"bougie-cone-23-cm","status":"publish","type":"product","link":"https:\/\/dreamonwedding.it\/fr\/produit\/bougie-cone-23-cm\/","title":{"rendered":"Bougie c\u00f4ne 23 cm"},"content":{"rendered":"<h6>BOUGIE C\u00d4NE 23 CM<\/h6>\n<p>La forme originale et \u00e9l\u00e9gante, les couleurs mates et raffin\u00e9es de ces splendides bougies artisanales apporteront certainement une contribution toute particuli\u00e8re \u00e0 votre table, \u00e9v\u00e9nement ou d\u00e9cor.<\/p>\n<p>Cette ligne sophistiqu\u00e9e de bougies faites \u00e0 la main selon les anciennes traditions d&rsquo;Europe du Nord est un produit raffin\u00e9 pour un segment de client\u00e8le exclusif et exigeant.<\/p>\n<p>La production en paraffine naturelle, faite \u00e0 la main et laqu\u00e9e avec la m\u00e9thode d&rsquo;immersion donne de la lumi\u00e8re aux bougies qui ne coulent pas, ne fument pas et ne sentent pas, parfaites pour les soir\u00e9es familiales, la restauration de haut niveau et les \u00e9v\u00e9nements exclusifs.<\/p>\n<p> p><\/p>\n<p>Les bougies coniques \u00e9taient \u00e0 l&rsquo;origine traditionnellement utilis\u00e9es dans le nord de l&rsquo;Europe comme bougies de No\u00ebl d\u00e9coratives pour les guirlandes et les festons. Cependant la chandelle est devenue un objet pris\u00e9 en d\u00e9coration d&rsquo;int\u00e9rieur et s&rsquo;utilise toute l&rsquo;ann\u00e9e et pour divers types de d\u00e9coration.<\/p>\n<p>La bougie conique est autoportante, ce qui en fait un produit tr\u00e8s polyvalent. Effil\u00e9es de 48 cm, elles ont un<\/p>\n<p>La bougie conique a une dur\u00e9e de combustion de 11 heures et s&rsquo;\u00e9teint automatiquement sans laisser de r\u00e9sidu.<\/p>\n<p>&nbsp;<\/p>\n<p>Fumo est une couleur neutre qui convient parfaitement \u00e0 la plupart des int\u00e9rieurs.<\/p>\n<p>Les bougies sont vendues \u00e0 l&rsquo;unit\u00e9, mais contactez-nous si vous avez besoin d&rsquo;une grande quantit\u00e9 pour un \u00e9v\u00e9nement.<\/p>\n<p>&nbsp;<\/p>\n<p>Nous garantissons la livraison express par courrier DHL (2-3 jours ouvrables).<\/p>\n<p>Si vous \u00eates un professionnel ou avez besoin de ce produit en plus grande quantit\u00e9 que le stock affich\u00e9 sur le site<a href=\"https:\/\/dreamonwedding.it\/index.php\/contatti\"> contactez-nous<\/a> pour un devis personnalis\u00e9.<\/p>\n<p>Vous pouvez \u00e9galement trouver tous nos produits dans notre <a href=\"https:\/\/g.page\/dream-on-emporio?gm\" target=\"_blank\" rel=\"noopener\"> Emporio, venez nous rendre visite en salle d&rsquo;exposition !<\/a><\/p>\n","protected":false},"excerpt":{"rendered":"<p>Bougie tr\u00e8s sp\u00e9ciale Cone Candle 23 cm. Pr\u00e9cieuses bougies faites \u00e0 la main, elles n&rsquo;ont pas besoin de support. En paraffine naturelle, laquage par immersion.<\/p>\n","protected":false},"featured_media":19440,"comment_status":"open","ping_status":"closed","template":"","meta":[],"product_brand":[],"product_cat":[631,638],"product_tag":[],"class_list":{"0":"post-22036","1":"product","2":"type-product","3":"status-publish","4":"has-post-thumbnail","6":"product_cat-bougies","7":"product_cat-decorations","9":"first","10":"outofstock","11":"taxable","12":"shipping-taxable","13":"purchasable","14":"product-type-variable"},"_links":{"self":[{"href":"https:\/\/dreamonwedding.it\/fr\/wp-json\/wp\/v2\/product\/22036","targetHints":{"allow":["GET"]}}],"collection":[{"href":"https:\/\/dreamonwedding.it\/fr\/wp-json\/wp\/v2\/product"}],"about":[{"href":"https:\/\/dreamonwedding.it\/fr\/wp-json\/wp\/v2\/types\/product"}],"replies":[{"embeddable":true,"href":"https:\/\/dreamonwedding.it\/fr\/wp-json\/wp\/v2\/comments?post=22036"}],"wp:featuredmedia":[{"embeddable":true,"href":"https:\/\/dreamonwedding.it\/fr\/wp-json\/wp\/v2\/media\/19440"}],"wp:attachment":[{"href":"https:\/\/dreamonwedding.it\/fr\/wp-json\/wp\/v2\/media?parent=22036"}],"wp:term":[{"taxonomy":"product_brand","embeddable":true,"href":"https:\/\/dreamonwedding.it\/fr\/wp-json\/wp\/v2\/product_brand?post=22036"},{"taxonomy":"product_cat","embeddable":true,"href":"https:\/\/dreamonwedding.it\/fr\/wp-json\/wp\/v2\/product_cat?post=22036"},{"taxonomy":"product_tag","embeddable":true,"href":"https:\/\/dreamonwedding.it\/fr\/wp-json\/wp\/v2\/product_tag?post=22036"}],"curies":[{"name":"wp","href":"https:\/\/api.w.org\/{rel}","templated":true}]}}