{"id":22038,"date":"2021-01-15T16:41:50","date_gmt":"2021-01-15T15:41:50","guid":{"rendered":"https:\/\/dreamonwedding.it\/product\/boucles-doreilles-origami-ursule\/"},"modified":"2021-01-15T16:41:50","modified_gmt":"2021-01-15T15:41:50","slug":"boucles-doreilles-origami-ursule","status":"publish","type":"product","link":"https:\/\/dreamonwedding.it\/fr\/produit\/boucles-doreilles-origami-ursule\/","title":{"rendered":"Boucles d&rsquo;Oreilles Origami &#8211; Ursule"},"content":{"rendered":"<h6>Boucles d&rsquo;oreilles Origami &#8211; Mod\u00e8le URSULA<\/h6>\n<p>Bijoux originaux faits \u00e0 la main en Italie \u00e0 partir de vieux livres pli\u00e9s en origami.<\/p>\n<p>La pi\u00e8ce en papier est mont\u00e9e sur des composants en zamak galvanis\u00e9 or hautement d\u00e9cor\u00e9s. Applications en os blanc cass\u00e9, disques et perles en bois noir, malachite verte et \u00e9l\u00e9ments en laiton.<\/p>\n<p>Les boucles d&rsquo;oreilles origami sont tr\u00e8s l\u00e9g\u00e8res et confortables, le papier (trait\u00e9 pour le rendre rigide et imperm\u00e9able) est un mat\u00e9riau extr\u00eamement polyvalent et l\u00e9ger.<\/p>\n<p>Toutes les boucles d&rsquo;oreilles sont sans nickel.<\/p>\n<p>MAT\u00c9RIEL :<br \/>\nPapier pli\u00e9 \u00e0 la main ; zamak galvanis\u00e9 or; laiton; bois; malachite; os.<br \/>\nSans nickel.<\/p>\n<p>Si vous souhaitez recevoir plus d&rsquo;informations sur cet article <a href=\"https:\/\/dreamonwedding.it\/exclusive-italy-wedding-planner\/\">contactez-nous,<\/a> ou suivez notre page <a href =\" https:\/\/www.instagram.com\/dreamon_emporio\/\">Instagram<\/a> pour \u00eatre inform\u00e9 de toutes les actualit\u00e9s.<\/p>\n<p>&nbsp;<\/p>\n","protected":false},"excerpt":{"rendered":"<p>Bijoux originaux faits \u00e0 la main en Italie \u00e0 partir de vieux livres pli\u00e9s en origami.<\/p>\n<p>La pi\u00e8ce en papier est mont\u00e9e sur des composants en zamak galvanis\u00e9 or hautement d\u00e9cor\u00e9s. Applications en os blanc cass\u00e9, disques et perles en bois noir, malachite verte et \u00e9l\u00e9ments en laiton.<\/p>\n<p>Sans nickel.<\/p>\n","protected":false},"featured_media":19425,"comment_status":"open","ping_status":"closed","template":"","meta":[],"product_brand":[],"product_cat":[651],"product_tag":[801,798,799,800],"class_list":{"0":"post-22038","1":"product","2":"type-product","3":"status-publish","4":"has-post-thumbnail","6":"product_cat-bijoux","7":"product_tag-bijoux","8":"product_tag-des-boucles-doreilles","9":"product_tag-origami-fr","10":"product_tag-papier","12":"first","13":"instock","14":"taxable","15":"shipping-taxable","16":"purchasable","17":"product-type-simple"},"_links":{"self":[{"href":"https:\/\/dreamonwedding.it\/fr\/wp-json\/wp\/v2\/product\/22038","targetHints":{"allow":["GET"]}}],"collection":[{"href":"https:\/\/dreamonwedding.it\/fr\/wp-json\/wp\/v2\/product"}],"about":[{"href":"https:\/\/dreamonwedding.it\/fr\/wp-json\/wp\/v2\/types\/product"}],"replies":[{"embeddable":true,"href":"https:\/\/dreamonwedding.it\/fr\/wp-json\/wp\/v2\/comments?post=22038"}],"wp:featuredmedia":[{"embeddable":true,"href":"https:\/\/dreamonwedding.it\/fr\/wp-json\/wp\/v2\/media\/19425"}],"wp:attachment":[{"href":"https:\/\/dreamonwedding.it\/fr\/wp-json\/wp\/v2\/media?parent=22038"}],"wp:term":[{"taxonomy":"product_brand","embeddable":true,"href":"https:\/\/dreamonwedding.it\/fr\/wp-json\/wp\/v2\/product_brand?post=22038"},{"taxonomy":"product_cat","embeddable":true,"href":"https:\/\/dreamonwedding.it\/fr\/wp-json\/wp\/v2\/product_cat?post=22038"},{"taxonomy":"product_tag","embeddable":true,"href":"https:\/\/dreamonwedding.it\/fr\/wp-json\/wp\/v2\/product_tag?post=22038"}],"curies":[{"name":"wp","href":"https:\/\/api.w.org\/{rel}","templated":true}]}}