{"id":22041,"date":"2021-01-15T17:20:25","date_gmt":"2021-01-15T16:20:25","guid":{"rendered":"https:\/\/dreamonwedding.it\/product\/boucles-doreilles-origamis-francesca\/"},"modified":"2025-06-05T17:25:38","modified_gmt":"2025-06-05T15:25:38","slug":"boucles-doreilles-origamis-francesca","status":"publish","type":"product","link":"https:\/\/dreamonwedding.it\/fr\/produit\/boucles-doreilles-origamis-francesca\/","title":{"rendered":"Boucles d&rsquo;Oreilles Origamis &#8211; Francesca"},"content":{"rendered":"<h6>Boucles d&rsquo;oreilles Origami &#8211; Mod\u00e8le FRANCESCA<\/h6>\n<p>Bijoux originaux faits \u00e0 la main en Italie \u00e0 partir de vieux livres pli\u00e9s en origami.<\/p>\n<p>La pi\u00e8ce en papier est mont\u00e9e sur des composants en zamak galvanis\u00e9 or hautement d\u00e9cor\u00e9s. Applications perles de cristal violet, disques de bois violet, perles semi-pr\u00e9cieuses rose verd\u00e2tre. \u00c9l\u00e9ments d\u00e9coratifs en laiton.<\/p>\n<p>Malgr\u00e9 les dimensions importantes, les boucles d&rsquo;oreilles origami sont tr\u00e8s l\u00e9g\u00e8res et confortables, le papier (trait\u00e9 pour le rendre rigide et imperm\u00e9able) est un mat\u00e9riau extr\u00eamement polyvalent et l\u00e9ger.<\/p>\n<p>Toutes les boucles d&rsquo;oreilles sont sans nickel.<\/p>\n<p>Nous garantissons la livraison express par courrier DHL (2-3 jours ouvrables).<\/p>\n<p>Si vous \u00eates un professionnel ou si vous avez besoin de ce produit en plus grande quantit\u00e9 que le stock affich\u00e9 sur le site <a href=\"https:\/\/dreamonwedding.it\/exclusive-italy-wedding-planner\/\">contactez-nous< \/a> pour obtenir un devis personnalis\u00e9.<\/p>\n<p>Vous pouvez \u00e9galement trouver tous nos produits sur <a href=\"https:\/\/g.page\/dream-on-emporio?we\" target=\"_blank\" rel=\"noopener\">Google Shopping.<\/a> <\/p>\n","protected":false},"excerpt":{"rendered":"<h5>Bijoux originaux faits \u00e0 la main en Italie \u00e0 partir de vieux livres pli\u00e9s en origami.<\/h5>\n<p>La pi\u00e8ce en papier est mont\u00e9e sur des composants en zamak galvanis\u00e9 or hautement d\u00e9cor\u00e9s. Applications perles de cristal violet, disques de bois violet, perles semi-pr\u00e9cieuses rose verd\u00e2tre. \u00c9l\u00e9ments d\u00e9coratifs en laiton.<\/p>\n<p>Sans nickel.<\/p>\n<p>Si vous souhaitez recevoir plus d&rsquo;informations sur cet article <a href=\"https:\/\/dreamonwedding.it\/exclusive-italy-wedding-planner\/\">contactez-nous,<\/a> ou suivez notre page <a href =\" https:\/\/www.instagram.com\/dreamon_emporio\/\">Instagram<\/a> pour \u00eatre inform\u00e9 de toutes les actualit\u00e9s.<\/p>\n","protected":false},"featured_media":19416,"comment_status":"open","ping_status":"closed","template":"","meta":[],"product_brand":[],"product_cat":[],"product_tag":[801,798,799,800],"class_list":{"0":"post-22041","1":"product","2":"type-product","3":"status-publish","4":"has-post-thumbnail","6":"product_tag-bijoux","7":"product_tag-des-boucles-doreilles","8":"product_tag-origami-fr","9":"product_tag-papier","11":"first","12":"outofstock","13":"taxable","14":"shipping-taxable","15":"purchasable","16":"product-type-simple"},"_links":{"self":[{"href":"https:\/\/dreamonwedding.it\/fr\/wp-json\/wp\/v2\/product\/22041","targetHints":{"allow":["GET"]}}],"collection":[{"href":"https:\/\/dreamonwedding.it\/fr\/wp-json\/wp\/v2\/product"}],"about":[{"href":"https:\/\/dreamonwedding.it\/fr\/wp-json\/wp\/v2\/types\/product"}],"replies":[{"embeddable":true,"href":"https:\/\/dreamonwedding.it\/fr\/wp-json\/wp\/v2\/comments?post=22041"}],"wp:featuredmedia":[{"embeddable":true,"href":"https:\/\/dreamonwedding.it\/fr\/wp-json\/wp\/v2\/media\/19416"}],"wp:attachment":[{"href":"https:\/\/dreamonwedding.it\/fr\/wp-json\/wp\/v2\/media?parent=22041"}],"wp:term":[{"taxonomy":"product_brand","embeddable":true,"href":"https:\/\/dreamonwedding.it\/fr\/wp-json\/wp\/v2\/product_brand?post=22041"},{"taxonomy":"product_cat","embeddable":true,"href":"https:\/\/dreamonwedding.it\/fr\/wp-json\/wp\/v2\/product_cat?post=22041"},{"taxonomy":"product_tag","embeddable":true,"href":"https:\/\/dreamonwedding.it\/fr\/wp-json\/wp\/v2\/product_tag?post=22041"}],"curies":[{"name":"wp","href":"https:\/\/api.w.org\/{rel}","templated":true}]}}