{"id":22043,"date":"2021-01-15T17:48:31","date_gmt":"2021-01-15T16:48:31","guid":{"rendered":"https:\/\/dreamonwedding.it\/product\/boucles-doreilles-origamis-olivia\/"},"modified":"2021-01-15T17:48:31","modified_gmt":"2021-01-15T16:48:31","slug":"boucles-doreilles-origamis-olivia","status":"publish","type":"product","link":"https:\/\/dreamonwedding.it\/fr\/produit\/boucles-doreilles-origamis-olivia\/","title":{"rendered":"Boucles d&rsquo;Oreilles Origamis &#8211; Olivia"},"content":{"rendered":"<h6 id=\"tw-target-text\" class=\"tw-data-text tw-text-large XcVN5d tw-ta\" dir=\"ltr\" data-placeholder=\"Traduction\"><span lang=\"en\"> Boucles d&rsquo;Oreilles Origami &#8211; Mod.Olivia <\/span><\/h6>\n<p class=\"tw-data-text tw-text-large XcVN5d tw-ta\" dir=\"ltr\" data-placeholder=\"Translation\"><span lang=\"it\">Bijoux en papier mont\u00e9s \u00e0 la main en Italie sur un riche boucle d&rsquo;oreille en zamak plaqu\u00e9 or d\u00e9cor\u00e9, perles en bois vertes et violettes, disque en bois couleur sable, pierre de lave verte et quelques \u00e9l\u00e9ments d\u00e9coratifs en laiton.<\/span><\/p>\n<p dir=\"ltr\" data-placeholder=\"Translation\">Malgr\u00e9 leur grande taille, les boucles d&rsquo;oreilles en origami sont tr\u00e8s l\u00e9g\u00e8res et confortables, le papier (trait\u00e9 pour le rendre rigide et imperm\u00e9able) est un mat\u00e9riau extr\u00eamement polyvalent et l\u00e9ger.<\/p>\n<p class=\"tw-data-text tw-text-large XcVN5d tw-ta\" dir=\"ltr\" data-placeholder=\"Traduction\"><span lang=\"en\">Mat\u00e9riaux :<\/span><\/p >\n<p class=\"tw-data-text tw-text-large XcVN5d tw-ta\" dir=\"ltr\" data-placeholder=\"Translation\"><span lang=\"en\"> Papier pli\u00e9 \u00e0 la main ; zamak galvanis\u00e9 or; laiton; bois; pierre de lave. <\/span><\/p>\n<p class=\"tw-data-text tw-text-large XcVN5d tw-ta\" dir=\"ltr\" data-placeholder=\"Traduction\"><span lang=\"en\">Sans nickel.<\/span><\/ p><\/p>\n<p>Nous garantissons la livraison express par courrier DHL (2-3 jours ouvrables).<\/p>\n<p>Si vous \u00eates un professionnel ou si vous avez besoin de ce produit en plus grande quantit\u00e9 que le stock affich\u00e9 sur le site <a href=\"https:\/\/dreamonwedding.it\/exclusive-italy-wedding-planner\/\">contactez-nous< \/a> pour obtenir un devis personnalis\u00e9.<\/p>\n<p>Vous pouvez \u00e9galement trouver tous nos produits sur <a href=\"https:\/\/g.page\/dream-on-emporio?we\" target=\"_blank\" rel=\"noopener\">Google Shopping.<\/a> <\/p>\n","protected":false},"excerpt":{"rendered":"<p><span lang=\"it\">Bijoux en papier faits \u00e0 la main en Italie mont\u00e9s sur une boucle d&rsquo;oreille en zamak plaqu\u00e9 or richement d\u00e9cor\u00e9e, perles en bois vert et violet, disque en bois couleur sable, pierre de lave verte, quelques \u00e9l\u00e9ments d\u00e9coratifs en laiton. <\/span><\/p>\n<p><span lang=\"it\">Sans Nikel.<\/span><\/p>\n","protected":false},"featured_media":19422,"comment_status":"open","ping_status":"closed","template":"","meta":[],"product_brand":[],"product_cat":[651],"product_tag":[798,799,800],"class_list":{"0":"post-22043","1":"product","2":"type-product","3":"status-publish","4":"has-post-thumbnail","6":"product_cat-bijoux","7":"product_tag-des-boucles-doreilles","8":"product_tag-origami-fr","9":"product_tag-papier","11":"first","12":"instock","13":"taxable","14":"shipping-taxable","15":"purchasable","16":"product-type-simple"},"_links":{"self":[{"href":"https:\/\/dreamonwedding.it\/fr\/wp-json\/wp\/v2\/product\/22043","targetHints":{"allow":["GET"]}}],"collection":[{"href":"https:\/\/dreamonwedding.it\/fr\/wp-json\/wp\/v2\/product"}],"about":[{"href":"https:\/\/dreamonwedding.it\/fr\/wp-json\/wp\/v2\/types\/product"}],"replies":[{"embeddable":true,"href":"https:\/\/dreamonwedding.it\/fr\/wp-json\/wp\/v2\/comments?post=22043"}],"wp:featuredmedia":[{"embeddable":true,"href":"https:\/\/dreamonwedding.it\/fr\/wp-json\/wp\/v2\/media\/19422"}],"wp:attachment":[{"href":"https:\/\/dreamonwedding.it\/fr\/wp-json\/wp\/v2\/media?parent=22043"}],"wp:term":[{"taxonomy":"product_brand","embeddable":true,"href":"https:\/\/dreamonwedding.it\/fr\/wp-json\/wp\/v2\/product_brand?post=22043"},{"taxonomy":"product_cat","embeddable":true,"href":"https:\/\/dreamonwedding.it\/fr\/wp-json\/wp\/v2\/product_cat?post=22043"},{"taxonomy":"product_tag","embeddable":true,"href":"https:\/\/dreamonwedding.it\/fr\/wp-json\/wp\/v2\/product_tag?post=22043"}],"curies":[{"name":"wp","href":"https:\/\/api.w.org\/{rel}","templated":true}]}}