{"id":22046,"date":"2021-01-15T18:24:27","date_gmt":"2021-01-15T17:24:27","guid":{"rendered":"https:\/\/dreamonwedding.it\/product\/sculpture-origami-vague\/"},"modified":"2021-01-15T18:24:27","modified_gmt":"2021-01-15T17:24:27","slug":"sculpture-origami-vague","status":"publish","type":"product","link":"https:\/\/dreamonwedding.it\/fr\/produit\/sculpture-origami-vague\/","title":{"rendered":"Sculpture Origami &#8211; Vague"},"content":{"rendered":"<h6>Sculpture Origami &#8211; Mod. VAGUE<\/h6>\n<p>Superbe sculpture d&rsquo;orgue en papier fabriqu\u00e9e \u00e0 la main en Italie. Objet unique, extr\u00eamement po\u00e9tique et cr\u00e9atif.<\/p>\n<p>Ces merveilleuses sculptures prennent forme \u00e0 partir de vieux livres d\u00e9saffect\u00e9s ; toutes les pages sont pli\u00e9es \u00e0 la main, une par une, avec habilet\u00e9 et patience jusqu&rsquo;\u00e0 ce qu&rsquo;un ancien volume se transforme en une nouvelle et merveilleuse sculpture en papier. Les anciens manuels et encyclop\u00e9dies renaissent en pi\u00e8ces de design sophistiqu\u00e9es. La forme change, mais le livre reste intact : on peut toujours le lire et le feuilleter ou, plus simplement, admirer sa m\u00e9tamorphose en objet d&rsquo;art et de design. Vieux, mais nouveau. Po\u00e9tique dans sa simplicit\u00e9.<\/p>\n<p>Wave est une sculpture en origami dans laquelle l&rsquo;\u00e9l\u00e9ment d\u00e9coratif consiste en une vague qui croise le corps principal donnant \u00e0 la pi\u00e8ce un mouvement inattendu.<\/p>\n<p>MAT\u00c9RIEL<br \/>\nVieux livres pli\u00e9s \u00e0 la main; bois; bague en laiton<\/p>\n<p>Nous garantissons la livraison express par courrier DHL (2-3 jours ouvrables).<\/p>\n<p>Si vous \u00eates un professionnel ou si vous avez besoin de ce produit en plus grande quantit\u00e9 que le stock affich\u00e9 sur le site<em><a href=\"https:\/\/dreamonwedding.it\/exclusive-italy-wedding-planner\/\"> contactez-nous< \/a> <\/em>pour obtenir un devis personnalis\u00e9.<\/p>\n<p>Vous pouvez \u00e9galement trouver tous nos produits dans notre <em><a href=\"https:\/\/g.page\/dream-on-emporio?gm\" target=\"_blank\" rel=\"noopener\"> Emporio, venez rendez-nous visite au showroom !<\/a><\/em><\/p>\n","protected":false},"excerpt":{"rendered":"<p>Superbe sculpture d&rsquo;orgue en papier fabriqu\u00e9e \u00e0 la main en Italie. Objet unique, extr\u00eamement po\u00e9tique et cr\u00e9atif.<\/p>\n<p>Wave est une sculpture dans laquelle l&rsquo;\u00e9l\u00e9ment d\u00e9coratif consiste en une vague qui croise le corps principal donnant \u00e0 la pi\u00e8ce un mouvement inattendu.<\/p>\n<p>&nbsp;<\/p>\n","protected":false},"featured_media":19401,"comment_status":"open","ping_status":"closed","template":"","meta":[],"product_brand":[],"product_cat":[638],"product_tag":[682,803,799,802],"class_list":{"0":"post-22046","1":"product","2":"type-product","3":"status-publish","4":"has-post-thumbnail","6":"product_cat-decorations","7":"product_tag-decoration","8":"product_tag-objet","9":"product_tag-origami-fr","10":"product_tag-sculpture","12":"first","13":"instock","14":"taxable","15":"shipping-taxable","16":"purchasable","17":"product-type-simple"},"_links":{"self":[{"href":"https:\/\/dreamonwedding.it\/fr\/wp-json\/wp\/v2\/product\/22046","targetHints":{"allow":["GET"]}}],"collection":[{"href":"https:\/\/dreamonwedding.it\/fr\/wp-json\/wp\/v2\/product"}],"about":[{"href":"https:\/\/dreamonwedding.it\/fr\/wp-json\/wp\/v2\/types\/product"}],"replies":[{"embeddable":true,"href":"https:\/\/dreamonwedding.it\/fr\/wp-json\/wp\/v2\/comments?post=22046"}],"wp:featuredmedia":[{"embeddable":true,"href":"https:\/\/dreamonwedding.it\/fr\/wp-json\/wp\/v2\/media\/19401"}],"wp:attachment":[{"href":"https:\/\/dreamonwedding.it\/fr\/wp-json\/wp\/v2\/media?parent=22046"}],"wp:term":[{"taxonomy":"product_brand","embeddable":true,"href":"https:\/\/dreamonwedding.it\/fr\/wp-json\/wp\/v2\/product_brand?post=22046"},{"taxonomy":"product_cat","embeddable":true,"href":"https:\/\/dreamonwedding.it\/fr\/wp-json\/wp\/v2\/product_cat?post=22046"},{"taxonomy":"product_tag","embeddable":true,"href":"https:\/\/dreamonwedding.it\/fr\/wp-json\/wp\/v2\/product_tag?post=22046"}],"curies":[{"name":"wp","href":"https:\/\/api.w.org\/{rel}","templated":true}]}}