{"id":22047,"date":"2021-02-04T18:01:29","date_gmt":"2021-02-04T17:01:29","guid":{"rendered":"https:\/\/dreamonwedding.it\/product\/lanterne-marocaine-en-metal\/"},"modified":"2021-02-04T18:01:29","modified_gmt":"2021-02-04T17:01:29","slug":"lanterne-marocaine-en-metal","status":"publish","type":"product","link":"https:\/\/dreamonwedding.it\/fr\/produit\/lanterne-marocaine-en-metal\/","title":{"rendered":"Lanterne marocaine en m\u00e9tal"},"content":{"rendered":"<h5>Lanterne en m\u00e9tal Maroc<\/h5>\n<p>L&rsquo;objet ressemble \u00e0 un vase cubique en verre press\u00e9 \u00e9pais et irr\u00e9gulier recouvert \u00e0 l&rsquo;ext\u00e9rieur d&rsquo;une \u00e9paisse maille m\u00e9tallique travaill\u00e9e.<\/p>\n<p>L&rsquo;argent est bruni pour lui donner une patine vieillie.<\/p>\n<p>Objet d\u00e9coratif tr\u00e8s int\u00e9ressant et ornemental, la d\u00e9coration aux motifs marocains et la patine vieillie lui donnent un aspect int\u00e9ressant : la lumi\u00e8re de la bougie \u00e0 l&rsquo;int\u00e9rieur brille \u00e0 travers le verre irr\u00e9gulier et prend une merveilleuse couleur ambr\u00e9e.<\/p>\n<p>Cet objet est tr\u00e8s polyvalent, il peut en effet \u00eatre utilis\u00e9 comme vase ou r\u00e9cipient (l&rsquo;int\u00e9rieur en verre permet le confinement des liquides).<\/p>\n<p>&nbsp;<\/p>\n<p>Il est disponible en deux tailles et variantes d\u00e9coratives.<\/p>\n<p>&nbsp;<\/p>\n<p>Nous garantissons la livraison express par courrier DHL (2-3 jours ouvrables).<\/p>\n<p>Si vous \u00eates un professionnel ou si vous avez besoin de ce produit en plus grande quantit\u00e9 que le stock affich\u00e9 sur le site<a href=\"https:\/\/dreamonwedding.it\/exclusive-italy-wedding-planner\/\"> contactez-nous< \/a> pour obtenir un devis personnalis\u00e9.<\/p>\n<p>Vous pouvez \u00e9galement trouver tous nos produits dans notre <a href=\"https:\/\/g.page\/dream-on-emporio?gm\" target=\"_blank\" rel=\"noopener\"> Emporio, venez nous rendre visite en salle d&rsquo;exposition !<\/a><\/p>\n","protected":false},"excerpt":{"rendered":"<p>Lanterne en m\u00e9tal Maroc<\/p>\n<p>L&rsquo;objet ressemble \u00e0 un vase cubique en verre \u00e9pais et irr\u00e9gulier recouvert \u00e0 l&rsquo;ext\u00e9rieur d&rsquo;une \u00e9paisse maille m\u00e9tallique travaill\u00e9e.<\/p>\n<p>&nbsp;<\/p>\n","protected":false},"featured_media":19398,"comment_status":"open","ping_status":"closed","template":"","meta":[],"product_brand":[],"product_cat":[655,633,638,657],"product_tag":[742,804,668],"class_list":{"0":"post-22047","1":"product","2":"type-product","3":"status-publish","4":"has-post-thumbnail","6":"product_cat-bougeoir","7":"product_cat-conteneurs","8":"product_cat-decorations","9":"product_cat-vases","10":"product_tag-conteneurs","11":"product_tag-lanterne-fr-2","12":"product_tag-vase","14":"first","15":"outofstock","16":"taxable","17":"shipping-taxable","18":"purchasable","19":"product-type-simple"},"_links":{"self":[{"href":"https:\/\/dreamonwedding.it\/fr\/wp-json\/wp\/v2\/product\/22047","targetHints":{"allow":["GET"]}}],"collection":[{"href":"https:\/\/dreamonwedding.it\/fr\/wp-json\/wp\/v2\/product"}],"about":[{"href":"https:\/\/dreamonwedding.it\/fr\/wp-json\/wp\/v2\/types\/product"}],"replies":[{"embeddable":true,"href":"https:\/\/dreamonwedding.it\/fr\/wp-json\/wp\/v2\/comments?post=22047"}],"wp:featuredmedia":[{"embeddable":true,"href":"https:\/\/dreamonwedding.it\/fr\/wp-json\/wp\/v2\/media\/19398"}],"wp:attachment":[{"href":"https:\/\/dreamonwedding.it\/fr\/wp-json\/wp\/v2\/media?parent=22047"}],"wp:term":[{"taxonomy":"product_brand","embeddable":true,"href":"https:\/\/dreamonwedding.it\/fr\/wp-json\/wp\/v2\/product_brand?post=22047"},{"taxonomy":"product_cat","embeddable":true,"href":"https:\/\/dreamonwedding.it\/fr\/wp-json\/wp\/v2\/product_cat?post=22047"},{"taxonomy":"product_tag","embeddable":true,"href":"https:\/\/dreamonwedding.it\/fr\/wp-json\/wp\/v2\/product_tag?post=22047"}],"curies":[{"name":"wp","href":"https:\/\/api.w.org\/{rel}","templated":true}]}}