{"id":22048,"date":"2021-02-05T10:47:57","date_gmt":"2021-02-05T09:47:57","guid":{"rendered":"https:\/\/dreamonwedding.it\/product\/vase-pour-fleurs-coupees\/"},"modified":"2021-02-05T10:47:57","modified_gmt":"2021-02-05T09:47:57","slug":"vase-pour-fleurs-coupees","status":"publish","type":"product","link":"https:\/\/dreamonwedding.it\/fr\/produit\/vase-pour-fleurs-coupees\/","title":{"rendered":"Vase pour fleurs coup\u00e9es"},"content":{"rendered":"<h5>Joli vase en verre pour fleurs coup\u00e9es.<\/h5>\n<p>Ce petit pot tout mignon est id\u00e9al pour cr\u00e9er des compositions de quelques fleurs gr\u00e2ce \u00e0 la grille en m\u00e9tal plac\u00e9e sur le capuchon qui permet de les maintenir espac\u00e9es.<\/p>\n<p>Le tr\u00e8s joli vase qui s\u00e9pare les fleurs gr\u00e2ce aux trous pratiqu\u00e9s dans le couvercle en m\u00e9tal effet bronze antique.<\/p>\n<p><span class=\"JLqJ4b ChMk0b\" data-language-for-alternatives=\"en\" data-language-to-translate-into=\"auto\" data-phrase-index=\"1\">Parfait pour les fleurs printani\u00e8res et \u00e9t\u00e9 avec une tige fine, mais aussi pour ranger des pinceaux \/ crayons ou similaires de mani\u00e8re d\u00e9corative.<\/span><\/p>\n<p><span class=\"JLqJ4b ChMk0b\" data-language-for-alternatives=\"en\" data-language-to-translate-into=\"auto\" data-phrase-index=\"1\"><span class=\" JLqJ4b\" data-language-for-alternatives=\"en\" data-language-to-translate-into=\"auto\" data-phrase-index=\"2\"> Le verre peut \u00eatre lav\u00e9 au lave-vaisselle.<\/span>< \/ span><\/p>\n<p><span class=\"JLqJ4b ChMk0b\" data-language-for-alternatives=\"en\" data-language-to-translate-into=\"auto\" data-phrase-index=\"1\"><span class=\" JLqJ4b\" data-language-for-alternatives=\"fr\" data-language-to-translate-into=\"auto\" data-phrase-index=\"2\"> Dimensions \u00d813 \/ 8xH14 cm<\/span><\/span>< \/p><\/p>\n<p>Nous garantissons la livraison express par courrier DHL (2-3 jours ouvrables).<\/p>\n<p>Si vous \u00eates un professionnel ou si vous avez besoin de ce produit en plus grande quantit\u00e9 que le stock affich\u00e9 sur le site<a href=\"https:\/\/dreamonwedding.it\/exclusive-italy-wedding-planner\/\"> contactez-nous< \/a> pour obtenir un devis personnalis\u00e9.<\/p>\n<p>Vous pouvez \u00e9galement trouver tous nos produits dans notre <a href=\"https:\/\/g.page\/dream-on-emporio?gm\" target=\"_blank\" rel=\"noopener\"> Emporio, venez nous rendre visite en salle d&rsquo;exposition !<\/a><\/p>\n","protected":false},"excerpt":{"rendered":"<h5>Joli vase en verre pour fleurs coup\u00e9es.<\/h5>\n<p>Ce petit pot tout mignon est id\u00e9al pour cr\u00e9er des compositions de quelques fleurs gr\u00e2ce \u00e0 la grille en m\u00e9tal plac\u00e9e sur le capuchon qui permet de les maintenir espac\u00e9es.<\/p>\n","protected":false},"featured_media":19392,"comment_status":"open","ping_status":"closed","template":"","meta":[],"product_brand":[],"product_cat":[638,657],"product_tag":[669,687,668],"class_list":{"0":"post-22048","1":"product","2":"type-product","3":"status-publish","4":"has-post-thumbnail","6":"product_cat-decorations","7":"product_cat-vases","8":"product_tag-fleurs","9":"product_tag-recipient","10":"product_tag-vase","12":"first","13":"instock","14":"taxable","15":"shipping-taxable","16":"purchasable","17":"product-type-simple"},"_links":{"self":[{"href":"https:\/\/dreamonwedding.it\/fr\/wp-json\/wp\/v2\/product\/22048","targetHints":{"allow":["GET"]}}],"collection":[{"href":"https:\/\/dreamonwedding.it\/fr\/wp-json\/wp\/v2\/product"}],"about":[{"href":"https:\/\/dreamonwedding.it\/fr\/wp-json\/wp\/v2\/types\/product"}],"replies":[{"embeddable":true,"href":"https:\/\/dreamonwedding.it\/fr\/wp-json\/wp\/v2\/comments?post=22048"}],"wp:featuredmedia":[{"embeddable":true,"href":"https:\/\/dreamonwedding.it\/fr\/wp-json\/wp\/v2\/media\/19392"}],"wp:attachment":[{"href":"https:\/\/dreamonwedding.it\/fr\/wp-json\/wp\/v2\/media?parent=22048"}],"wp:term":[{"taxonomy":"product_brand","embeddable":true,"href":"https:\/\/dreamonwedding.it\/fr\/wp-json\/wp\/v2\/product_brand?post=22048"},{"taxonomy":"product_cat","embeddable":true,"href":"https:\/\/dreamonwedding.it\/fr\/wp-json\/wp\/v2\/product_cat?post=22048"},{"taxonomy":"product_tag","embeddable":true,"href":"https:\/\/dreamonwedding.it\/fr\/wp-json\/wp\/v2\/product_tag?post=22048"}],"curies":[{"name":"wp","href":"https:\/\/api.w.org\/{rel}","templated":true}]}}