{"id":22049,"date":"2021-08-26T13:31:16","date_gmt":"2021-08-26T11:31:16","guid":{"rendered":"https:\/\/dreamonwedding.it\/product\/pendentif-origami\/"},"modified":"2021-08-26T13:31:16","modified_gmt":"2021-08-26T11:31:16","slug":"pendentif-origami","status":"publish","type":"product","link":"https:\/\/dreamonwedding.it\/fr\/produit\/pendentif-origami\/","title":{"rendered":"Pendentif origami"},"content":{"rendered":"<h6>Pendentif origami<\/h6>\n<p>Bijoux originaux faits \u00e0 la main en Italie \u00e0 partir de vieux livres pli\u00e9s en origami.<\/p>\n<p>Le pendentif est un bijou original en papier fait main mont\u00e9 sur une plaque en zamak galvanis\u00e9 or repr\u00e9sentant le symbolique n\u0153ud indien, des disques en bois couleur bleu et sable, deux perles de cornaline orange, une perle en bois \u00e0 facettes bleue, des rocailles en cristal de verre et des \u00e9l\u00e9ments en laiton.< br \/><br \/>\nTous les pendentifs sont fournis avec leur lacet en fibre naturelle.<\/p>\n<p>Sans nickel.<\/p>\n<p>Nous garantissons la livraison express par courrier DHL (2-3 jours ouvrables).<\/p>\n<p>Si vous \u00eates un professionnel ou si vous avez besoin de ce produit en plus grande quantit\u00e9 que le stock affich\u00e9 sur le site <a href=\"https:\/\/dreamonwedding.it\/exclusive-italy-wedding-planner\/\">contactez-nous< \/a> pour obtenir un devis personnalis\u00e9.<\/p>\n<p>Vous pouvez \u00e9galement trouver tous nos produits sur <a href=\"https:\/\/g.page\/dream-on-emporio?we\" target=\"_blank\" rel=\"noopener\">Google Shopping.<\/a> <\/p>\n","protected":false},"excerpt":{"rendered":"<p>Bijou en papier fait main mont\u00e9 sur une plaque en zamak plaqu\u00e9 or repr\u00e9sentant le symbolique n\u0153ud indien, des disques en bois couleur bleu et sable, deux perles de cornaline orange, une perle en bois facett\u00e9e bleue, des perles en cristal bleu \u00e9lectrique et des \u00e9l\u00e9ments en laiton.<\/p>\n<p>Le pendentif origami est livr\u00e9 avec sa propre ficelle en fibre naturelle. Sans nickel.<\/p>\n","protected":false},"featured_media":19437,"comment_status":"open","ping_status":"closed","template":"","meta":[],"product_brand":[],"product_cat":[651],"product_tag":[807,806,799,800,805],"class_list":{"0":"post-22049","1":"product","2":"type-product","3":"status-publish","4":"has-post-thumbnail","6":"product_cat-bijoux","7":"product_tag-bijou","8":"product_tag-collier","9":"product_tag-origami-fr","10":"product_tag-papier","11":"product_tag-pendentif","13":"first","14":"instock","15":"taxable","16":"shipping-taxable","17":"purchasable","18":"product-type-simple"},"_links":{"self":[{"href":"https:\/\/dreamonwedding.it\/fr\/wp-json\/wp\/v2\/product\/22049","targetHints":{"allow":["GET"]}}],"collection":[{"href":"https:\/\/dreamonwedding.it\/fr\/wp-json\/wp\/v2\/product"}],"about":[{"href":"https:\/\/dreamonwedding.it\/fr\/wp-json\/wp\/v2\/types\/product"}],"replies":[{"embeddable":true,"href":"https:\/\/dreamonwedding.it\/fr\/wp-json\/wp\/v2\/comments?post=22049"}],"wp:featuredmedia":[{"embeddable":true,"href":"https:\/\/dreamonwedding.it\/fr\/wp-json\/wp\/v2\/media\/19437"}],"wp:attachment":[{"href":"https:\/\/dreamonwedding.it\/fr\/wp-json\/wp\/v2\/media?parent=22049"}],"wp:term":[{"taxonomy":"product_brand","embeddable":true,"href":"https:\/\/dreamonwedding.it\/fr\/wp-json\/wp\/v2\/product_brand?post=22049"},{"taxonomy":"product_cat","embeddable":true,"href":"https:\/\/dreamonwedding.it\/fr\/wp-json\/wp\/v2\/product_cat?post=22049"},{"taxonomy":"product_tag","embeddable":true,"href":"https:\/\/dreamonwedding.it\/fr\/wp-json\/wp\/v2\/product_tag?post=22049"}],"curies":[{"name":"wp","href":"https:\/\/api.w.org\/{rel}","templated":true}]}}