{"id":22050,"date":"2022-02-12T16:38:05","date_gmt":"2022-02-12T15:38:05","guid":{"rendered":"https:\/\/dreamonwedding.it\/product\/polaroid-600-vintage\/"},"modified":"2022-02-12T16:38:05","modified_gmt":"2022-02-12T15:38:05","slug":"polaroid-600-vintage","status":"publish","type":"product","link":"https:\/\/dreamonwedding.it\/fr\/produit\/polaroid-600-vintage\/","title":{"rendered":"Polaro\u00efd 600 Vintage"},"content":{"rendered":"<h5>Ic\u00f4ne Polaroid 600 Vintage. Un objet de collection incontournable pour tous les passionn\u00e9s de photographie et de design.<\/h5>\n<p>Divers mod\u00e8les d&rsquo;appareils photo Polariod Instant Vintage Film 600, tous datant des ann\u00e9es 1980.<\/p>\n<p>\u00c9quip\u00e9 d&rsquo;un flash et d&rsquo;une mise au point automatique, diverses s\u00e9ries et ann\u00e9es.<\/p>\n<p>Utilis\u00e9 pour un \u00e9v\u00e9nement \u00e0 th\u00e8me, le m\u00e9canisme fonctionne parfaitement, je peux montrer quelques signes d&rsquo;usure, ils n&rsquo;ont pas la bo\u00eete et l&#8217;emballage d&rsquo;origine.<\/p>\n<p>Les Polaroid 600 Vintage sont des objets embl\u00e9matiques des ann\u00e9es 80 &#8211; parfaits pour les collectionneurs ou pour un Photo Booth original au charme vintage lors de mariages et d&rsquo;\u00e9v\u00e9nements.<\/p>\n<p>Recherchez dans notre <a href=\"https:\/\/dreamonwedding.it\/dreamon-shop\/\">boutique<\/a> de nombreux articles sp\u00e9ciaux et design, parfaits pour meubler votre maison ou d\u00e9corer votre \u00e9v\u00e9nement.<\/p>\n<p>Nous garantissons la livraison express par courrier DHL (2-3 jours ouvrables).<\/p>\n<p>Si vous \u00eates un professionnel ou si vous avez besoin de ce produit en plus grande quantit\u00e9 que le stock affich\u00e9 sur le site <a href=\"https:\/\/dreamonwedding.it\/exclusive-italy-wedding-planner\/\">contactez-nous< \/a> pour obtenir un devis personnalis\u00e9.<\/p>\n<p>Vous pouvez \u00e9galement trouver tous nos produits sur <a href=\"https:\/\/g.page\/dream-on-emporio?we\" target=\"_blank\" rel=\"noopener\">Google Shopping.<\/a> <\/p>\n","protected":false},"excerpt":{"rendered":"<p>Ic\u00f4ne Polaroid 600 Vintage.<\/p>\n<p>Divers mod\u00e8les d&rsquo;appareils photo Polariod Instant Vintage Film 600, tous datant des ann\u00e9es 1980.<\/p>\n<p>&nbsp;<\/p>\n","protected":false},"featured_media":19548,"comment_status":"open","ping_status":"closed","template":"","meta":[],"product_brand":[],"product_cat":[15],"product_tag":[809,810,811,808],"class_list":{"0":"post-22050","1":"product","2":"type-product","3":"status-publish","4":"has-post-thumbnail","6":"product_cat-uncategorized","7":"product_tag-anciennefemminile","8":"product_tag-camera","9":"product_tag-la-photographie","10":"product_tag-polaroids","12":"first","13":"outofstock","14":"taxable","15":"shipping-taxable","16":"purchasable","17":"product-type-simple"},"_links":{"self":[{"href":"https:\/\/dreamonwedding.it\/fr\/wp-json\/wp\/v2\/product\/22050","targetHints":{"allow":["GET"]}}],"collection":[{"href":"https:\/\/dreamonwedding.it\/fr\/wp-json\/wp\/v2\/product"}],"about":[{"href":"https:\/\/dreamonwedding.it\/fr\/wp-json\/wp\/v2\/types\/product"}],"replies":[{"embeddable":true,"href":"https:\/\/dreamonwedding.it\/fr\/wp-json\/wp\/v2\/comments?post=22050"}],"wp:featuredmedia":[{"embeddable":true,"href":"https:\/\/dreamonwedding.it\/fr\/wp-json\/wp\/v2\/media\/19548"}],"wp:attachment":[{"href":"https:\/\/dreamonwedding.it\/fr\/wp-json\/wp\/v2\/media?parent=22050"}],"wp:term":[{"taxonomy":"product_brand","embeddable":true,"href":"https:\/\/dreamonwedding.it\/fr\/wp-json\/wp\/v2\/product_brand?post=22050"},{"taxonomy":"product_cat","embeddable":true,"href":"https:\/\/dreamonwedding.it\/fr\/wp-json\/wp\/v2\/product_cat?post=22050"},{"taxonomy":"product_tag","embeddable":true,"href":"https:\/\/dreamonwedding.it\/fr\/wp-json\/wp\/v2\/product_tag?post=22050"}],"curies":[{"name":"wp","href":"https:\/\/api.w.org\/{rel}","templated":true}]}}