{"id":22051,"date":"2022-02-12T16:59:09","date_gmt":"2022-02-12T15:59:09","guid":{"rendered":"https:\/\/dreamonwedding.it\/product\/ex-voto-mexicain\/"},"modified":"2024-11-10T18:45:42","modified_gmt":"2024-11-10T17:45:42","slug":"ex-voto-mexicain","status":"publish","type":"product","link":"https:\/\/dreamonwedding.it\/fr\/produit\/ex-voto-mexicain\/","title":{"rendered":"Ex-voto mexicain"},"content":{"rendered":"<h5>Ex Voto mexicain sophistiqu\u00e9 en t\u00f4le de m\u00e9tal naturel repr\u00e9sentant le Sacr\u00e9-C\u0153ur d\u00e9cor\u00e9 \u00e0 la main avec des couleurs vives.<\/h5>\n<p>Au Mexique il existe une forte tradition d&rsquo;ex voto sacr\u00e9s coeurs, destin\u00e9s \u00e0 accompagner un v\u0153u ou simplement \u00e0 d\u00e9corer. Fabriqu\u00e9s \u00e0 la main en m\u00e9tal gaufr\u00e9, ces sacr\u00e9s coeurs sont ensuite peints par des artisans qui les fabriquent au gr\u00e9 de leur imagination.<\/p>\n<p>L&rsquo;ex voto peut \u00eatre accroch\u00e9 ou cousu \u00e0 l&rsquo;aide de l&rsquo;\u0153illet sp\u00e9cial.<\/p>\n<p>Les Ex Voto mexicains sont des d\u00e9corations parfaites pour vos meubles ou accessoires \u00e0 appliquer sur des v\u00eatements et des sacs. Id\u00e9al pour des cadeaux excentriques \u00e0 l&rsquo;occasion de vos \u00e9v\u00e9nements.<\/p>\n<p>Visitez notre <a href=\"https:\/\/dreamonwedding.it\/dreamon-shop\/\">boutique<\/a>  ou suivez-nous sur <a href=\"https:\/\/www.instagram.com\/dreamon_emporio\/ \" target=\"_blank\" rel=\"noopener\">Instagram<\/a> pour une inspiration plus int\u00e9ressante.<\/p>\n","protected":false},"excerpt":{"rendered":"<p>Ex Voto mexicain raffin\u00e9 en t\u00f4le de m\u00e9tal naturel repr\u00e9sentant une ravissante colombe pos\u00e9e sur un sacr\u00e9-c\u0153ur d\u00e9licieusement d\u00e9cor\u00e9.<\/p>\n<p>Au Mexique il existe une forte tradition d&rsquo;ex voto sacr\u00e9s coeurs, destin\u00e9s \u00e0 accompagner un v\u0153u ou simplement \u00e0 d\u00e9corer. Fabriqu\u00e9s \u00e0 la main en m\u00e9tal gaufr\u00e9, ces sacr\u00e9s coeurs sont ensuite peints par des artisans qui les fabriquent au gr\u00e9 de leur imagination.<\/p>\n<p>L&rsquo;ex voto peut \u00eatre accroch\u00e9 ou cousu \u00e0 l&rsquo;aide de l&rsquo;\u0153illet sp\u00e9cial.<\/p>\n","protected":false},"featured_media":19545,"comment_status":"open","ping_status":"closed","template":"","meta":[],"product_brand":[],"product_cat":[638],"product_tag":[812,813,682,701],"class_list":{"0":"post-22051","1":"product","2":"type-product","3":"status-publish","4":"has-post-thumbnail","6":"product_cat-decorations","7":"product_tag-application","8":"product_tag-cadeaux-fr","9":"product_tag-decoration","10":"product_tag-ex-voto-fr","12":"first","13":"outofstock","14":"taxable","15":"shipping-taxable","16":"purchasable","17":"product-type-simple"},"_links":{"self":[{"href":"https:\/\/dreamonwedding.it\/fr\/wp-json\/wp\/v2\/product\/22051","targetHints":{"allow":["GET"]}}],"collection":[{"href":"https:\/\/dreamonwedding.it\/fr\/wp-json\/wp\/v2\/product"}],"about":[{"href":"https:\/\/dreamonwedding.it\/fr\/wp-json\/wp\/v2\/types\/product"}],"replies":[{"embeddable":true,"href":"https:\/\/dreamonwedding.it\/fr\/wp-json\/wp\/v2\/comments?post=22051"}],"wp:featuredmedia":[{"embeddable":true,"href":"https:\/\/dreamonwedding.it\/fr\/wp-json\/wp\/v2\/media\/19545"}],"wp:attachment":[{"href":"https:\/\/dreamonwedding.it\/fr\/wp-json\/wp\/v2\/media?parent=22051"}],"wp:term":[{"taxonomy":"product_brand","embeddable":true,"href":"https:\/\/dreamonwedding.it\/fr\/wp-json\/wp\/v2\/product_brand?post=22051"},{"taxonomy":"product_cat","embeddable":true,"href":"https:\/\/dreamonwedding.it\/fr\/wp-json\/wp\/v2\/product_cat?post=22051"},{"taxonomy":"product_tag","embeddable":true,"href":"https:\/\/dreamonwedding.it\/fr\/wp-json\/wp\/v2\/product_tag?post=22051"}],"curies":[{"name":"wp","href":"https:\/\/api.w.org\/{rel}","templated":true}]}}