{"id":22052,"date":"2023-02-17T10:28:17","date_gmt":"2023-02-17T09:28:17","guid":{"rendered":"https:\/\/dreamonwedding.it\/product\/poele-romaine-terre-cuite\/"},"modified":"2024-11-10T07:21:12","modified_gmt":"2024-11-10T06:21:12","slug":"poele-romaine-terre-cuite","status":"publish","type":"product","link":"https:\/\/dreamonwedding.it\/fr\/produit\/poele-romaine-terre-cuite\/","title":{"rendered":"Po\u00eale romaine &#8211; Terre cuite"},"content":{"rendered":"<h6>Po\u00eale \u00e0 frire d&rsquo;ext\u00e9rieur romaine avec r\u00e9cipient en terre cuite<\/h6>\n<p>Po\u00eale d&rsquo;ext\u00e9rieur romaine avec r\u00e9cipient en terre cuite, id\u00e9ale pour cr\u00e9er une atmosph\u00e8re dans divers environnements. Possibilit\u00e9 d&rsquo;acheter des recharges.<\/p>\n<p>Nous garantissons la livraison express par courrier DHL (2-3 jours ouvrables).<\/p>\n<p>Si vous \u00eates un professionnel ou si vous avez besoin de ce produit en plus grande quantit\u00e9 que le stock affich\u00e9 sur le site<a href=\"https:\/\/dreamonwedding.it\/exclusive-italy-wedding-planner\/\"> contactez-nous< \/a> pour obtenir un devis personnalis\u00e9.<\/p>\n<p>Vous pouvez \u00e9galement trouver tous nos produits dans notre <a href=\"https:\/\/g.page\/dream-on-emporio?gm\" target=\"_blank\" rel=\"noopener\"> Emporio, venez nous rendre visite en salle d&rsquo;exposition !<\/a><\/p>\n","protected":false},"excerpt":{"rendered":"<p>Casserole d&rsquo;ext\u00e9rieur romaine avec r\u00e9cipient en terre cuite, recharges.<\/p>\n","protected":false},"featured_media":19506,"comment_status":"open","ping_status":"closed","template":"","meta":[],"product_brand":[],"product_cat":[655,631,633,638],"product_tag":[733,777,776],"class_list":{"0":"post-22052","1":"product","2":"type-product","3":"status-publish","4":"has-post-thumbnail","6":"product_cat-bougeoir","7":"product_cat-bougies","8":"product_cat-conteneurs","9":"product_cat-decorations","10":"product_tag-bougie","11":"product_tag-paraffine","12":"product_tag-torche","14":"first","15":"instock","16":"taxable","17":"shipping-taxable","18":"purchasable","19":"product-type-variable"},"_links":{"self":[{"href":"https:\/\/dreamonwedding.it\/fr\/wp-json\/wp\/v2\/product\/22052","targetHints":{"allow":["GET"]}}],"collection":[{"href":"https:\/\/dreamonwedding.it\/fr\/wp-json\/wp\/v2\/product"}],"about":[{"href":"https:\/\/dreamonwedding.it\/fr\/wp-json\/wp\/v2\/types\/product"}],"replies":[{"embeddable":true,"href":"https:\/\/dreamonwedding.it\/fr\/wp-json\/wp\/v2\/comments?post=22052"}],"wp:featuredmedia":[{"embeddable":true,"href":"https:\/\/dreamonwedding.it\/fr\/wp-json\/wp\/v2\/media\/19506"}],"wp:attachment":[{"href":"https:\/\/dreamonwedding.it\/fr\/wp-json\/wp\/v2\/media?parent=22052"}],"wp:term":[{"taxonomy":"product_brand","embeddable":true,"href":"https:\/\/dreamonwedding.it\/fr\/wp-json\/wp\/v2\/product_brand?post=22052"},{"taxonomy":"product_cat","embeddable":true,"href":"https:\/\/dreamonwedding.it\/fr\/wp-json\/wp\/v2\/product_cat?post=22052"},{"taxonomy":"product_tag","embeddable":true,"href":"https:\/\/dreamonwedding.it\/fr\/wp-json\/wp\/v2\/product_tag?post=22052"}],"curies":[{"name":"wp","href":"https:\/\/api.w.org\/{rel}","templated":true}]}}