{"id":22055,"date":"2023-02-17T10:48:33","date_gmt":"2023-02-17T09:48:33","guid":{"rendered":"https:\/\/dreamonwedding.it\/product\/cadre-marque-place-en-metal-lot-de-3\/"},"modified":"2023-02-17T10:48:33","modified_gmt":"2023-02-17T09:48:33","slug":"cadre-marque-place-en-metal-lot-de-3","status":"publish","type":"product","link":"https:\/\/dreamonwedding.it\/fr\/produit\/cadre-marque-place-en-metal-lot-de-3\/","title":{"rendered":"Cadre marque-place en m\u00e9tal &#8211; Lot de 3"},"content":{"rendered":"<h6>Cadre d&rsquo;espace r\u00e9serv\u00e9 en m\u00e9tal<\/h6>\n<p>Nous adorons ces petits cadres d\u00e9coratifs en m\u00e9tal, ils ont la taille id\u00e9ale pour afficher des photos et autres souvenirs. Ils peuvent \u00eatre utilis\u00e9s comme marque-place raffin\u00e9, cadeaux adorables ou d\u00e9corations de No\u00ebl insolites. Habillez vos arrangements avec un m\u00e9lange de formes, toutes personnalis\u00e9es avec des photographies ou remplissez-les de d\u00e9licats feuillages, plumes ou autres petits souvenirs. En plus des d\u00e9corations, ils sont aussi un cadeau personnalis\u00e9 vraiment magique.<\/p>\n<p>Le m\u00e9tal est habilement soud\u00e9 autour du verre avec des outils traditionnels ; ce processus artisanal signifie qu&rsquo;il y a des marques de soudure sur les coutures de chaque pi\u00e8ce, une caract\u00e9ristique que nous aimons car elle raconte l&rsquo;histoire de la fabrication du produit.<\/p>\n<p>L&rsquo;ensemble est un m\u00e9lange de Laiton et de Cuivre dans les formes Carr\u00e9, Triangle et Hexagone.<\/p>\n<p>Nous garantissons la livraison express par courrier DHL (2-3 jours ouvrables).<\/p>\n<p>Si vous \u00eates un professionnel ou avez besoin de ce produit en plus grande quantit\u00e9 que le stock affich\u00e9 sur le site<a href=\"https:\/\/dreamonwedding.it\/index.php\/contatti\"> contactez-nous<\/a> pour un devis personnalis\u00e9.<\/p>\n<p>Vous pouvez \u00e9galement trouver tous nos produits dans notre <a href=\"https:\/\/g.page\/dream-on-emporio?gm\" target=\"_blank\" rel=\"noopener\"> Emporio, venez nous rendre visite en salle d&rsquo;exposition !<\/a><\/p>\n","protected":false},"excerpt":{"rendered":"<p>Petit cadre marque-place, trois formes (triangle, carr\u00e9, hexagone), mixte cuivre et laiton.<\/p>\n<p>Ensemble de 3.<\/p>\n","protected":false},"featured_media":19521,"comment_status":"open","ping_status":"closed","template":"","meta":[],"product_brand":[],"product_cat":[635,638],"product_tag":[783,784,785,786,741],"class_list":{"0":"post-22055","1":"product","2":"type-product","3":"status-publish","4":"has-post-thumbnail","6":"product_cat-corniche","7":"product_cat-decorations","8":"product_tag-corniche","9":"product_tag-cuivre","10":"product_tag-espace-reserve","11":"product_tag-faveur-de-mariage","12":"product_tag-laiton","14":"first","15":"instock","16":"taxable","17":"shipping-taxable","18":"purchasable","19":"product-type-simple"},"_links":{"self":[{"href":"https:\/\/dreamonwedding.it\/fr\/wp-json\/wp\/v2\/product\/22055","targetHints":{"allow":["GET"]}}],"collection":[{"href":"https:\/\/dreamonwedding.it\/fr\/wp-json\/wp\/v2\/product"}],"about":[{"href":"https:\/\/dreamonwedding.it\/fr\/wp-json\/wp\/v2\/types\/product"}],"replies":[{"embeddable":true,"href":"https:\/\/dreamonwedding.it\/fr\/wp-json\/wp\/v2\/comments?post=22055"}],"wp:featuredmedia":[{"embeddable":true,"href":"https:\/\/dreamonwedding.it\/fr\/wp-json\/wp\/v2\/media\/19521"}],"wp:attachment":[{"href":"https:\/\/dreamonwedding.it\/fr\/wp-json\/wp\/v2\/media?parent=22055"}],"wp:term":[{"taxonomy":"product_brand","embeddable":true,"href":"https:\/\/dreamonwedding.it\/fr\/wp-json\/wp\/v2\/product_brand?post=22055"},{"taxonomy":"product_cat","embeddable":true,"href":"https:\/\/dreamonwedding.it\/fr\/wp-json\/wp\/v2\/product_cat?post=22055"},{"taxonomy":"product_tag","embeddable":true,"href":"https:\/\/dreamonwedding.it\/fr\/wp-json\/wp\/v2\/product_tag?post=22055"}],"curies":[{"name":"wp","href":"https:\/\/api.w.org\/{rel}","templated":true}]}}