{"id":22057,"date":"2023-02-24T11:49:39","date_gmt":"2023-02-24T10:49:39","guid":{"rendered":"https:\/\/dreamonwedding.it\/product\/housse-de-coussin-gris-tourterelle-avec-chaine-2-tailles\/"},"modified":"2023-02-24T11:49:39","modified_gmt":"2023-02-24T10:49:39","slug":"housse-de-coussin-gris-tourterelle-avec-chaine-2-tailles","status":"publish","type":"product","link":"https:\/\/dreamonwedding.it\/fr\/produit\/housse-de-coussin-gris-tourterelle-avec-chaine-2-tailles\/","title":{"rendered":"Housse de coussin gris tourterelle avec cha\u00eene &#8211; 2 tailles"},"content":{"rendered":"<h5>Housse de coussin d\u00e9co pour int\u00e9rieur, gris tourterelle.<\/h5>\n<p>Housse de coussin \u00e9l\u00e9gante, couleur tr\u00e8s polyvalente qui permet diff\u00e9rentes combinaisons.<\/p>\n<p>Id\u00e9al comme d\u00e9coration pour le salon et la chambre, il est parfait pour les \u00e9v\u00e9nements et les c\u00e9r\u00e9monies.<\/p>\n<p>Disponible en 2 tailles : 40&#215;40 cm, 60&#215;60 cm.<\/p>\n<p>&nbsp;<\/p>\n<p>Nous garantissons la livraison express par courrier DHL (2-3 jours ouvrables).<\/p>\n<p>Si vous \u00eates un professionnel ou si vous avez besoin de ce produit en plus grande quantit\u00e9 que le stock affich\u00e9 sur le site <a href=\"https:\/\/dreamonwedding.it\/exclusive-italy-wedding-planner\/\">contactez-nous<\/ a> pour obtenir un devis personnalis\u00e9.<\/p>\n<p>Suivez-nous sur <a href=\"https:\/\/www.instagram.com\/dreamon_emporio\/\" target=\"_blank\" rel=\"noopener\"> Instagram<\/a> pour vous inspirer ou rendez-nous visite sur notre <a href=\"https:\/\/g.page\/ dream-on-emporio?we\" target=\"_blank\" rel=\"noopener\">Showroom !<\/a><\/p>\n","protected":false},"excerpt":{"rendered":"<p>Housse de coussin \u00e9l\u00e9gante, couleur tr\u00e8s polyvalente qui permet diff\u00e9rentes combinaisons.<\/p>\n<p>Id\u00e9al comme d\u00e9coration pour le salon et la chambre, il est parfait pour les \u00e9v\u00e9nements et les c\u00e9r\u00e9monies.<\/p>\n<p>Disponible en 2 tailles : 40&#215;40 cm, 60&#215;60 cm.<\/p>\n","protected":false},"featured_media":21105,"comment_status":"open","ping_status":"closed","template":"","meta":[],"product_brand":[],"product_cat":[638,650,656],"product_tag":[817,815,814,818,816],"class_list":{"0":"post-22057","1":"product","2":"type-product","3":"status-publish","4":"has-post-thumbnail","6":"product_cat-decorations","7":"product_cat-doublures","8":"product_cat-tissus","9":"product_tag-colombe","10":"product_tag-coussin","11":"product_tag-garniture","12":"product_tag-petites-chaines","13":"product_tag-tissus","15":"first","16":"instock","17":"taxable","18":"shipping-taxable","19":"purchasable","20":"product-type-variable"},"_links":{"self":[{"href":"https:\/\/dreamonwedding.it\/fr\/wp-json\/wp\/v2\/product\/22057","targetHints":{"allow":["GET"]}}],"collection":[{"href":"https:\/\/dreamonwedding.it\/fr\/wp-json\/wp\/v2\/product"}],"about":[{"href":"https:\/\/dreamonwedding.it\/fr\/wp-json\/wp\/v2\/types\/product"}],"replies":[{"embeddable":true,"href":"https:\/\/dreamonwedding.it\/fr\/wp-json\/wp\/v2\/comments?post=22057"}],"wp:featuredmedia":[{"embeddable":true,"href":"https:\/\/dreamonwedding.it\/fr\/wp-json\/wp\/v2\/media\/21105"}],"wp:attachment":[{"href":"https:\/\/dreamonwedding.it\/fr\/wp-json\/wp\/v2\/media?parent=22057"}],"wp:term":[{"taxonomy":"product_brand","embeddable":true,"href":"https:\/\/dreamonwedding.it\/fr\/wp-json\/wp\/v2\/product_brand?post=22057"},{"taxonomy":"product_cat","embeddable":true,"href":"https:\/\/dreamonwedding.it\/fr\/wp-json\/wp\/v2\/product_cat?post=22057"},{"taxonomy":"product_tag","embeddable":true,"href":"https:\/\/dreamonwedding.it\/fr\/wp-json\/wp\/v2\/product_tag?post=22057"}],"curies":[{"name":"wp","href":"https:\/\/api.w.org\/{rel}","templated":true}]}}