{"id":22060,"date":"2023-02-24T12:45:14","date_gmt":"2023-02-24T11:45:14","guid":{"rendered":"https:\/\/dreamonwedding.it\/product\/branche-de-fleur-decorative-lilas-blanc-h-63-cm\/"},"modified":"2023-02-24T12:45:14","modified_gmt":"2023-02-24T11:45:14","slug":"branche-de-fleur-decorative-lilas-blanc-h-63-cm","status":"publish","type":"product","link":"https:\/\/dreamonwedding.it\/fr\/produit\/branche-de-fleur-decorative-lilas-blanc-h-63-cm\/","title":{"rendered":"Branche de fleur d\u00e9corative Lilas blanc &#8211; h 63 cm"},"content":{"rendered":"<h5>Branche d\u00e9corative de fleur de lilas blanc .<\/h5>\n<p>Cette branche d\u00e9corative de fleur de lilas de couleur blanche est id\u00e9ale pour d\u00e9corer tout type de sc\u00e9nario, pour les services int\u00e9rieurs ou ext\u00e9rieurs.<\/p>\n<p>Tr\u00e8s utile pour les \u00e9v\u00e9nements, les mariages, les s\u00e9ances photo ou comme meuble.<\/p>\n<p>&nbsp;<\/p>\n<p>Nous garantissons la livraison express par courrier DHL (2-3 jours ouvrables).<\/p>\n<p>Si vous \u00eates un professionnel ou si vous avez besoin de ce produit en plus grande quantit\u00e9 que le stock affich\u00e9 sur le site <a href=\"https:\/\/dreamonwedding.it\/exclusive-italy-wedding-planner\/\">contactez-nous<\/ a> pour obtenir un devis personnalis\u00e9.<\/p>\n<p>Suivez-nous sur <a href=\"https:\/\/www.instagram.com\/dreamon_emporio\/\" target=\"_blank\" rel=\"noopener\"> Instagram<\/a> pour vous inspirer ou rendez-nous visite sur notre <a href=\"https:\/\/g.page\/ dream-on-emporio?we\" target=\"_blank\" rel=\"noopener\">Showroom !<\/a><\/p>\n","protected":false},"excerpt":{"rendered":"<p>Cette branche de fleur de lilas blanc est id\u00e9ale pour d\u00e9corer tout type de sc\u00e9nario, pour les services int\u00e9rieurs ou ext\u00e9rieurs.<\/p>\n<p>Tr\u00e8s utile pour les \u00e9v\u00e9nements, les mariages, les s\u00e9ances photo ou comme meuble.<\/p>\n","protected":false},"featured_media":21108,"comment_status":"open","ping_status":"closed","template":"","meta":[],"product_brand":[],"product_cat":[638,639],"product_tag":[692,682,669,819],"class_list":{"0":"post-22060","1":"product","2":"type-product","3":"status-publish","4":"has-post-thumbnail","6":"product_cat-decorations","7":"product_cat-fleurs","8":"product_tag-branches","9":"product_tag-decoration","10":"product_tag-fleurs","11":"product_tag-lilas","13":"first","14":"instock","15":"taxable","16":"shipping-taxable","17":"purchasable","18":"product-type-simple"},"_links":{"self":[{"href":"https:\/\/dreamonwedding.it\/fr\/wp-json\/wp\/v2\/product\/22060","targetHints":{"allow":["GET"]}}],"collection":[{"href":"https:\/\/dreamonwedding.it\/fr\/wp-json\/wp\/v2\/product"}],"about":[{"href":"https:\/\/dreamonwedding.it\/fr\/wp-json\/wp\/v2\/types\/product"}],"replies":[{"embeddable":true,"href":"https:\/\/dreamonwedding.it\/fr\/wp-json\/wp\/v2\/comments?post=22060"}],"wp:featuredmedia":[{"embeddable":true,"href":"https:\/\/dreamonwedding.it\/fr\/wp-json\/wp\/v2\/media\/21108"}],"wp:attachment":[{"href":"https:\/\/dreamonwedding.it\/fr\/wp-json\/wp\/v2\/media?parent=22060"}],"wp:term":[{"taxonomy":"product_brand","embeddable":true,"href":"https:\/\/dreamonwedding.it\/fr\/wp-json\/wp\/v2\/product_brand?post=22060"},{"taxonomy":"product_cat","embeddable":true,"href":"https:\/\/dreamonwedding.it\/fr\/wp-json\/wp\/v2\/product_cat?post=22060"},{"taxonomy":"product_tag","embeddable":true,"href":"https:\/\/dreamonwedding.it\/fr\/wp-json\/wp\/v2\/product_tag?post=22060"}],"curies":[{"name":"wp","href":"https:\/\/api.w.org\/{rel}","templated":true}]}}