{"id":22061,"date":"2023-02-24T14:41:44","date_gmt":"2023-02-24T13:41:44","guid":{"rendered":"https:\/\/dreamonwedding.it\/product\/urna-in-cristallo-cesellato-2-misure\/"},"modified":"2023-02-24T14:41:44","modified_gmt":"2023-02-24T13:41:44","slug":"urna-in-cristallo-cesellato-2-misure","status":"publish","type":"product","link":"https:\/\/dreamonwedding.it\/fr\/produit\/urna-in-cristallo-cesellato-2-misure\/","title":{"rendered":"Urna in cristallo cesellato &#8211; 2 Misure"},"content":{"rendered":"<h5>Urne en cristal grav\u00e9.<\/h5>\n<p>Urne en cristal finement cisel\u00e9, utilisable comme centre de table et d\u00e9coration pour les mariages et \u00e9v\u00e9nements en g\u00e9n\u00e9ral.<\/p>\n<p>Id\u00e9al pour les drag\u00e9es ou comme r\u00e9cipient pour les petites pi\u00e8ces et les faveurs.<\/p>\n<p>Disponible en diff\u00e9rentes tailles.<\/p>\n<p>&nbsp;<\/p>\n<p>Nous garantissons la livraison express par courrier DHL (2-3 jours ouvrables).<\/p>\n<p>Si vous \u00eates un professionnel ou si vous avez besoin de ce produit en plus grande quantit\u00e9 que le stock affich\u00e9 sur le site <a href=\"https:\/\/dreamonwedding.it\/exclusive-italy-wedding-planner\/\">contactez-nous<\/ a> pour obtenir un devis personnalis\u00e9.<\/p>\n<p>Suivez-nous sur <a href=\"https:\/\/www.instagram.com\/dreamon_emporio\/\" target=\"_blank\" rel=\"noopener\"> Instagram<\/a> pour vous inspirer ou rendez-nous visite sur notre <a href=\"https:\/\/g.page\/ dream-on-emporio?we\" target=\"_blank\" rel=\"noopener\">Showroom !<\/a><\/p>\n","protected":false},"excerpt":{"rendered":"<p>Urne en cristal grav\u00e9 finement travaill\u00e9, utilisable comme centre de table et d\u00e9coration pour les mariages et les \u00e9v\u00e9nements en g\u00e9n\u00e9ral.<\/p>\n<p>Id\u00e9al pour les drag\u00e9es ou comme r\u00e9cipient pour les petites pi\u00e8ces et les faveurs.<\/p>\n","protected":false},"featured_media":21111,"comment_status":"open","ping_status":"closed","template":"","meta":[],"product_brand":[],"product_cat":[633],"product_tag":[722,720,723,721],"class_list":{"0":"post-22061","1":"product","2":"type-product","3":"status-publish","4":"has-post-thumbnail","6":"product_cat-conteneurs","7":"product_tag-cisele","8":"product_tag-cristal","9":"product_tag-dragees","10":"product_tag-urne","12":"first","13":"instock","14":"taxable","15":"shipping-taxable","16":"purchasable","17":"product-type-variable"},"_links":{"self":[{"href":"https:\/\/dreamonwedding.it\/fr\/wp-json\/wp\/v2\/product\/22061","targetHints":{"allow":["GET"]}}],"collection":[{"href":"https:\/\/dreamonwedding.it\/fr\/wp-json\/wp\/v2\/product"}],"about":[{"href":"https:\/\/dreamonwedding.it\/fr\/wp-json\/wp\/v2\/types\/product"}],"replies":[{"embeddable":true,"href":"https:\/\/dreamonwedding.it\/fr\/wp-json\/wp\/v2\/comments?post=22061"}],"wp:featuredmedia":[{"embeddable":true,"href":"https:\/\/dreamonwedding.it\/fr\/wp-json\/wp\/v2\/media\/21111"}],"wp:attachment":[{"href":"https:\/\/dreamonwedding.it\/fr\/wp-json\/wp\/v2\/media?parent=22061"}],"wp:term":[{"taxonomy":"product_brand","embeddable":true,"href":"https:\/\/dreamonwedding.it\/fr\/wp-json\/wp\/v2\/product_brand?post=22061"},{"taxonomy":"product_cat","embeddable":true,"href":"https:\/\/dreamonwedding.it\/fr\/wp-json\/wp\/v2\/product_cat?post=22061"},{"taxonomy":"product_tag","embeddable":true,"href":"https:\/\/dreamonwedding.it\/fr\/wp-json\/wp\/v2\/product_tag?post=22061"}],"curies":[{"name":"wp","href":"https:\/\/api.w.org\/{rel}","templated":true}]}}