{"id":22066,"date":"2023-03-01T12:36:58","date_gmt":"2023-03-01T11:36:58","guid":{"rendered":"https:\/\/dreamonwedding.it\/product\/coffret-a-bijoux-velours-gris-avec-perles-2-modeles\/"},"modified":"2023-03-01T12:36:58","modified_gmt":"2023-03-01T11:36:58","slug":"coffret-a-bijoux-velours-gris-avec-perles-2-modeles","status":"publish","type":"product","link":"https:\/\/dreamonwedding.it\/fr\/produit\/coffret-a-bijoux-velours-gris-avec-perles-2-modeles\/","title":{"rendered":"Coffret \u00e0 bijoux Velours gris, avec perles &#8211; 2 Mod\u00e8les"},"content":{"rendered":"<h5>Coffret \u00e0 Bijoux en Velours Gris, d\u00e9cor\u00e9 de Perles.<\/h5>\n<p>Magnifique bo\u00eete \u00e0 bijoux en velours avec d\u00e9coration perl\u00e9e.<\/p>\n<p>Cette superbe pi\u00e8ce au design attrayant et pratique est id\u00e9ale pour ranger bijoux, boutons de manchette et autres petits objets.<\/p>\n<p>La structure du produit est en m\u00e9tal, recouverte de velours gris puis finie avec un motif de perles et de strass.<\/p>\n<p>&nbsp;<\/p>\n<p>Nous garantissons la livraison express par courrier DHL (2-3 jours ouvrables).<\/p>\n<p>Si vous \u00eates un professionnel ou si vous avez besoin de ce produit en plus grande quantit\u00e9 que le stock affich\u00e9 sur le site <a href=\"https:\/\/dreamonwedding.it\/exclusive-italy-wedding-planner\/\">contactez-nous<\/ a> pour obtenir un devis personnalis\u00e9.<\/p>\n<p>Suivez-nous sur <a href=\"https:\/\/www.instagram.com\/dreamon_emporio\/\" target=\"_blank\" rel=\"noopener\"> Instagram<\/a> pour vous inspirer ou rendez-nous visite sur notre <a href=\"https:\/\/g.page\/ dream-on-emporio?we\" target=\"_blank\" rel=\"noopener\">Showroom !<\/a><\/p>\n","protected":false},"excerpt":{"rendered":"<p>Magnifique bo\u00eete \u00e0 bijoux en velours avec d\u00e9coration perl\u00e9e.<\/p>\n<p>Cette superbe pi\u00e8ce au design attrayant et pratique est id\u00e9ale pour ranger bijoux, boutons de manchette et autres petits objets.<\/p>\n","protected":false},"featured_media":21264,"comment_status":"open","ping_status":"closed","template":"","meta":[],"product_brand":[],"product_cat":[633,638],"product_tag":[801,792,824,702,823],"class_list":{"0":"post-22066","1":"product","2":"type-product","3":"status-publish","4":"has-post-thumbnail","6":"product_cat-conteneurs","7":"product_cat-decorations","8":"product_tag-bijoux","9":"product_tag-boite-a-bijoux","10":"product_tag-perles","11":"product_tag-strass-fr","12":"product_tag-velours","14":"first","15":"instock","16":"taxable","17":"shipping-taxable","18":"purchasable","19":"product-type-variable"},"_links":{"self":[{"href":"https:\/\/dreamonwedding.it\/fr\/wp-json\/wp\/v2\/product\/22066","targetHints":{"allow":["GET"]}}],"collection":[{"href":"https:\/\/dreamonwedding.it\/fr\/wp-json\/wp\/v2\/product"}],"about":[{"href":"https:\/\/dreamonwedding.it\/fr\/wp-json\/wp\/v2\/types\/product"}],"replies":[{"embeddable":true,"href":"https:\/\/dreamonwedding.it\/fr\/wp-json\/wp\/v2\/comments?post=22066"}],"wp:featuredmedia":[{"embeddable":true,"href":"https:\/\/dreamonwedding.it\/fr\/wp-json\/wp\/v2\/media\/21264"}],"wp:attachment":[{"href":"https:\/\/dreamonwedding.it\/fr\/wp-json\/wp\/v2\/media?parent=22066"}],"wp:term":[{"taxonomy":"product_brand","embeddable":true,"href":"https:\/\/dreamonwedding.it\/fr\/wp-json\/wp\/v2\/product_brand?post=22066"},{"taxonomy":"product_cat","embeddable":true,"href":"https:\/\/dreamonwedding.it\/fr\/wp-json\/wp\/v2\/product_cat?post=22066"},{"taxonomy":"product_tag","embeddable":true,"href":"https:\/\/dreamonwedding.it\/fr\/wp-json\/wp\/v2\/product_tag?post=22066"}],"curies":[{"name":"wp","href":"https:\/\/api.w.org\/{rel}","templated":true}]}}