{"id":22069,"date":"2023-03-01T14:48:02","date_gmt":"2023-03-01T13:48:02","guid":{"rendered":"https:\/\/dreamonwedding.it\/product\/bougeoir-base-en-aluminium-noir-mat\/"},"modified":"2023-03-01T14:48:02","modified_gmt":"2023-03-01T13:48:02","slug":"bougeoir-base-en-aluminium-noir-mat","status":"publish","type":"product","link":"https:\/\/dreamonwedding.it\/fr\/produit\/bougeoir-base-en-aluminium-noir-mat\/","title":{"rendered":"Bougeoir Base en Aluminium &#8211; Noir Mat"},"content":{"rendered":"<h5>Base porte-\u00e9rable en aluminium, noir mat.<\/h5>\n<p>Ce bougeoir en aluminium peut non seulement \u00eatre plac\u00e9 dans le salon, la chambre et le balcon comme d\u00e9coration, mais peut \u00e9galement \u00eatre offert en cadeau \u00e0 la famille et aux amis.<\/p>\n<p>Parfait avant tout pour les c\u00e9r\u00e9monies telles que mariages, bapt\u00eames ou inaugurations, \u00e0 l&rsquo;int\u00e9rieur ou \u00e0 l&rsquo;ext\u00e9rieur.<\/p>\n<p>&nbsp;<\/p>\n<p>Nous garantissons la livraison express par courrier DHL (2-3 jours ouvrables).<\/p>\n<p>Si vous \u00eates un professionnel ou si vous avez besoin de ce produit en plus grande quantit\u00e9 que le stock affich\u00e9 sur le site <a href=\"https:\/\/dreamonwedding.it\/exclusive-italy-wedding-planner\/\">contactez-nous<\/ a> pour obtenir un devis personnalis\u00e9.<\/p>\n<p>Suivez-nous sur <a href=\"https:\/\/www.instagram.com\/dreamon_emporio\/\" target=\"_blank\" rel=\"noopener\"> Instagram<\/a> pour vous inspirer ou rendez-nous visite sur notre <a href=\"https:\/\/g.page\/ dream-on-emporio?we\" target=\"_blank\" rel=\"noopener\">Showroom !<\/a><\/p>\n","protected":false},"excerpt":{"rendered":"<p>Ce bougeoir en aluminium peut non seulement \u00eatre plac\u00e9 dans le salon, la chambre et le balcon comme d\u00e9coration, mais peut \u00e9galement \u00eatre offert en cadeau \u00e0 la famille et aux amis.<\/p>\n<p>Parfait avant tout pour les c\u00e9r\u00e9monies telles que mariages, bapt\u00eames ou inaugurations, \u00e0 l&rsquo;int\u00e9rieur ou \u00e0 l&rsquo;ext\u00e9rieur.<\/p>\n<p>&nbsp;<\/p>\n","protected":false},"featured_media":21129,"comment_status":"open","ping_status":"closed","template":"","meta":[],"product_brand":[],"product_cat":[655,631,638,632],"product_tag":[828,825,826,715,827],"class_list":{"0":"post-22069","1":"product","2":"type-product","3":"status-publish","4":"has-post-thumbnail","6":"product_cat-bougeoir","7":"product_cat-bougies","8":"product_cat-decorations","9":"product_cat-lustres","10":"product_tag-aluminium","11":"product_tag-bougeoir-fr","12":"product_tag-bougie-fr","13":"product_tag-noir","14":"product_tag-opaque","16":"first","17":"instock","18":"taxable","19":"shipping-taxable","20":"purchasable","21":"product-type-simple"},"_links":{"self":[{"href":"https:\/\/dreamonwedding.it\/fr\/wp-json\/wp\/v2\/product\/22069","targetHints":{"allow":["GET"]}}],"collection":[{"href":"https:\/\/dreamonwedding.it\/fr\/wp-json\/wp\/v2\/product"}],"about":[{"href":"https:\/\/dreamonwedding.it\/fr\/wp-json\/wp\/v2\/types\/product"}],"replies":[{"embeddable":true,"href":"https:\/\/dreamonwedding.it\/fr\/wp-json\/wp\/v2\/comments?post=22069"}],"wp:featuredmedia":[{"embeddable":true,"href":"https:\/\/dreamonwedding.it\/fr\/wp-json\/wp\/v2\/media\/21129"}],"wp:attachment":[{"href":"https:\/\/dreamonwedding.it\/fr\/wp-json\/wp\/v2\/media?parent=22069"}],"wp:term":[{"taxonomy":"product_brand","embeddable":true,"href":"https:\/\/dreamonwedding.it\/fr\/wp-json\/wp\/v2\/product_brand?post=22069"},{"taxonomy":"product_cat","embeddable":true,"href":"https:\/\/dreamonwedding.it\/fr\/wp-json\/wp\/v2\/product_cat?post=22069"},{"taxonomy":"product_tag","embeddable":true,"href":"https:\/\/dreamonwedding.it\/fr\/wp-json\/wp\/v2\/product_tag?post=22069"}],"curies":[{"name":"wp","href":"https:\/\/api.w.org\/{rel}","templated":true}]}}