{"id":22070,"date":"2023-03-01T15:42:18","date_gmt":"2023-03-01T14:42:18","guid":{"rendered":"https:\/\/dreamonwedding.it\/product\/etagere-en-aluminium-noir-mat-5-etages\/"},"modified":"2023-03-01T15:42:18","modified_gmt":"2023-03-01T14:42:18","slug":"etagere-en-aluminium-noir-mat-5-etages","status":"publish","type":"product","link":"https:\/\/dreamonwedding.it\/fr\/produit\/etagere-en-aluminium-noir-mat-5-etages\/","title":{"rendered":"Etag\u00e8re en Aluminium &#8211; Noir Mat &#8211; 5 \u00e9tages"},"content":{"rendered":"<h5>Etagere en aluminium, couleur noir mat .<\/h5>\n<p>Cette Etag\u00e8re en aluminium noir mat, avec 5 contremarches, peut meubler avec \u00e9l\u00e9gance une terrasse, un jardin ou un salon, id\u00e9ale pour les espaces ext\u00e9rieurs comme int\u00e9rieurs.<\/p>\n<p>La couleur noire mate, en plus d&rsquo;\u00eatre \u00e9l\u00e9gante, se marie parfaitement avec d&rsquo;autres couleurs d&rsquo;ameublement de votre maison.<\/p>\n<p>\u00c9galement parfait pour placer des assiettes, des verres ou comme support pour les plantes et les fleurs lors des mariages et des \u00e9v\u00e9nements en g\u00e9n\u00e9ral.<\/p>\n<p>&nbsp;<\/p>\n<p>Nous garantissons la livraison express par courrier DHL (2-3 jours ouvrables).<\/p>\n<p>Si vous \u00eates un professionnel ou si vous avez besoin de ce produit en plus grande quantit\u00e9 que le stock affich\u00e9 sur le site <a href=\"https:\/\/dreamonwedding.it\/exclusive-italy-wedding-planner\/\">contactez-nous<\/ a> pour obtenir un devis personnalis\u00e9.<\/p>\n<p>Suivez-nous sur <a href=\"https:\/\/www.instagram.com\/dreamon_emporio\/\" target=\"_blank\" rel=\"noopener\"> Instagram<\/a> pour vous inspirer ou rendez-nous visite sur notre <a href=\"https:\/\/g.page\/ dream-on-emporio?we\" target=\"_blank\" rel=\"noopener\">Showroom !<\/a><\/p>\n","protected":false},"excerpt":{"rendered":"<p>Cette Etag\u00e8re en aluminium noir mat, avec 5 contremarches, peut meubler avec \u00e9l\u00e9gance une terrasse, un jardin ou un salon, id\u00e9ale pour les espaces ext\u00e9rieurs comme int\u00e9rieurs.<\/p>\n<p>La couleur noire mate, en plus d&rsquo;\u00eatre \u00e9l\u00e9gante, se marie parfaitement avec d&rsquo;autres couleurs d&rsquo;ameublement de votre maison.<\/p>\n<p>\u00c9galement parfait pour placer des assiettes, des verres ou comme support pour les plantes et les fleurs lors des mariages et des \u00e9v\u00e9nements en g\u00e9n\u00e9ral.<\/p>\n","protected":false},"featured_media":21132,"comment_status":"open","ping_status":"closed","template":"","meta":[],"product_brand":[],"product_cat":[638],"product_tag":[],"class_list":{"0":"post-22070","1":"product","2":"type-product","3":"status-publish","4":"has-post-thumbnail","6":"product_cat-decorations","8":"first","9":"instock","10":"taxable","11":"shipping-taxable","12":"purchasable","13":"product-type-simple"},"_links":{"self":[{"href":"https:\/\/dreamonwedding.it\/fr\/wp-json\/wp\/v2\/product\/22070","targetHints":{"allow":["GET"]}}],"collection":[{"href":"https:\/\/dreamonwedding.it\/fr\/wp-json\/wp\/v2\/product"}],"about":[{"href":"https:\/\/dreamonwedding.it\/fr\/wp-json\/wp\/v2\/types\/product"}],"replies":[{"embeddable":true,"href":"https:\/\/dreamonwedding.it\/fr\/wp-json\/wp\/v2\/comments?post=22070"}],"wp:featuredmedia":[{"embeddable":true,"href":"https:\/\/dreamonwedding.it\/fr\/wp-json\/wp\/v2\/media\/21132"}],"wp:attachment":[{"href":"https:\/\/dreamonwedding.it\/fr\/wp-json\/wp\/v2\/media?parent=22070"}],"wp:term":[{"taxonomy":"product_brand","embeddable":true,"href":"https:\/\/dreamonwedding.it\/fr\/wp-json\/wp\/v2\/product_brand?post=22070"},{"taxonomy":"product_cat","embeddable":true,"href":"https:\/\/dreamonwedding.it\/fr\/wp-json\/wp\/v2\/product_cat?post=22070"},{"taxonomy":"product_tag","embeddable":true,"href":"https:\/\/dreamonwedding.it\/fr\/wp-json\/wp\/v2\/product_tag?post=22070"}],"curies":[{"name":"wp","href":"https:\/\/api.w.org\/{rel}","templated":true}]}}