{"id":22071,"date":"2023-03-01T16:08:15","date_gmt":"2023-03-01T15:08:15","guid":{"rendered":"https:\/\/dreamonwedding.it\/product\/gobelet-en-metal-noir-brillant\/"},"modified":"2023-03-01T16:08:15","modified_gmt":"2023-03-01T15:08:15","slug":"gobelet-en-metal-noir-brillant","status":"publish","type":"product","link":"https:\/\/dreamonwedding.it\/fr\/produit\/gobelet-en-metal-noir-brillant\/","title":{"rendered":"Gobelet en M\u00e9tal &#8211; Noir Brillant"},"content":{"rendered":"<h5>Tasse en m\u00e9tal noir brillant.<\/h5>\n<p>Coupe \u00e9l\u00e9gante en m\u00e9tal noir brillant, id\u00e9ale pour les arrangements, les d\u00e9corations de centres de table, les r\u00e9ceptions ou pour la d\u00e9coration int\u00e9rieure.<\/p>\n<p>Meuble de haut niveau, il peut \u00eatre utilis\u00e9 comme jardini\u00e8re et meubler votre jardin ou votre terrasse ou comme contenant pour les d\u00e9corations \u00e0 l&rsquo;occasion de vos mariages et arrangements \u00e9v\u00e9nementiels.<\/p>\n<p>&nbsp;<\/p>\n<p>Nous garantissons la livraison express par courrier DHL (2-3 jours ouvrables).<\/p>\n<p>Si vous \u00eates un professionnel ou si vous avez besoin de ce produit en plus grande quantit\u00e9 que le stock affich\u00e9 sur le site <a href=\"https:\/\/dreamonwedding.it\/exclusive-italy-wedding-planner\/\">contactez-nous<\/ a> pour obtenir un devis personnalis\u00e9.<\/p>\n<p>Suivez-nous sur <a href=\"https:\/\/www.instagram.com\/dreamon_emporio\/\" target=\"_blank\" rel=\"noopener\"> Instagram<\/a> pour vous inspirer ou rendez-nous visite sur notre <a href=\"https:\/\/g.page\/ dream-on-emporio?we\" target=\"_blank\" rel=\"noopener\">Showroom !<\/a><\/p>\n","protected":false},"excerpt":{"rendered":"<p>Coupe \u00e9l\u00e9gante en m\u00e9tal noir brillant, id\u00e9ale pour les arrangements, les d\u00e9corations de centres de table, les r\u00e9ceptions ou pour la d\u00e9coration int\u00e9rieure.<\/p>\n<p>Meuble de haut niveau, il peut \u00eatre utilis\u00e9 comme jardini\u00e8re et meubler votre jardin ou votre terrasse ou comme contenant pour les d\u00e9corations \u00e0 l&rsquo;occasion de vos mariages et arrangements \u00e9v\u00e9nementiels.<\/p>\n","protected":false},"featured_media":21135,"comment_status":"open","ping_status":"closed","template":"","meta":[],"product_brand":[],"product_cat":[638,634],"product_tag":[726,699,715,829],"class_list":{"0":"post-22071","1":"product","2":"type-product","3":"status-publish","4":"has-post-thumbnail","6":"product_cat-decorations","7":"product_cat-tasse","8":"product_tag-coupe","9":"product_tag-metal","10":"product_tag-noir","11":"product_tag-planteur","13":"first","14":"instock","15":"taxable","16":"shipping-taxable","17":"purchasable","18":"product-type-simple"},"_links":{"self":[{"href":"https:\/\/dreamonwedding.it\/fr\/wp-json\/wp\/v2\/product\/22071","targetHints":{"allow":["GET"]}}],"collection":[{"href":"https:\/\/dreamonwedding.it\/fr\/wp-json\/wp\/v2\/product"}],"about":[{"href":"https:\/\/dreamonwedding.it\/fr\/wp-json\/wp\/v2\/types\/product"}],"replies":[{"embeddable":true,"href":"https:\/\/dreamonwedding.it\/fr\/wp-json\/wp\/v2\/comments?post=22071"}],"wp:featuredmedia":[{"embeddable":true,"href":"https:\/\/dreamonwedding.it\/fr\/wp-json\/wp\/v2\/media\/21135"}],"wp:attachment":[{"href":"https:\/\/dreamonwedding.it\/fr\/wp-json\/wp\/v2\/media?parent=22071"}],"wp:term":[{"taxonomy":"product_brand","embeddable":true,"href":"https:\/\/dreamonwedding.it\/fr\/wp-json\/wp\/v2\/product_brand?post=22071"},{"taxonomy":"product_cat","embeddable":true,"href":"https:\/\/dreamonwedding.it\/fr\/wp-json\/wp\/v2\/product_cat?post=22071"},{"taxonomy":"product_tag","embeddable":true,"href":"https:\/\/dreamonwedding.it\/fr\/wp-json\/wp\/v2\/product_tag?post=22071"}],"curies":[{"name":"wp","href":"https:\/\/api.w.org\/{rel}","templated":true}]}}