{"id":22072,"date":"2023-03-01T16:36:14","date_gmt":"2023-03-01T15:36:14","guid":{"rendered":"https:\/\/dreamonwedding.it\/product\/branche-fleurie-coquelicot-deco-h-75-cm\/"},"modified":"2023-03-01T16:36:14","modified_gmt":"2023-03-01T15:36:14","slug":"branche-fleurie-coquelicot-deco-h-75-cm","status":"publish","type":"product","link":"https:\/\/dreamonwedding.it\/fr\/produit\/branche-fleurie-coquelicot-deco-h-75-cm\/","title":{"rendered":"Branche fleurie Coquelicot d\u00e9co &#8211; h 75 cm"},"content":{"rendered":"<h5>Branche de fleur de pavot d\u00e9corative .<\/h5>\n<p>Cette branche de fleur de pavot d\u00e9corative est id\u00e9ale pour d\u00e9corer tout type de sc\u00e9nario, pour les services int\u00e9rieurs ou ext\u00e9rieurs.<\/p>\n<p>Tr\u00e8s utile pour les \u00e9v\u00e9nements, les mariages, les s\u00e9ances photo ou comme meuble.<\/p>\n<p>Disponible en 2 couleurs, Cr\u00e8me et P\u00eache.<\/p>\n<p>&nbsp;<\/p>\n<p>Nous garantissons la livraison express par courrier DHL (2-3 jours ouvrables).<\/p>\n<p>Si vous \u00eates un professionnel ou si vous avez besoin de ce produit en plus grande quantit\u00e9 que le stock affich\u00e9 sur le site <a href=\"https:\/\/dreamonwedding.it\/exclusive-italy-wedding-planner\/\">contactez-nous<\/ a> pour obtenir un devis personnalis\u00e9.<\/p>\n<p>Suivez-nous sur <a href=\"https:\/\/www.instagram.com\/dreamon_emporio\/\" target=\"_blank\" rel=\"noopener\"> Instagram<\/a> pour vous inspirer ou rendez-nous visite sur notre <a href=\"https:\/\/g.page\/ dream-on-emporio?we\" target=\"_blank\" rel=\"noopener\">Showroom !<\/a><\/p>\n","protected":false},"excerpt":{"rendered":"<p>Cette branche de fleurs de pavot est id\u00e9ale pour d\u00e9corer tout type de sc\u00e9nario, pour les services int\u00e9rieurs ou ext\u00e9rieurs.<\/p>\n<p>Tr\u00e8s utile pour les \u00e9v\u00e9nements, les mariages, les s\u00e9ances photo ou comme meuble.<\/p>\n<p>Disponible en 2 couleurs, Cr\u00e8me et P\u00eache.<\/p>\n","protected":false},"featured_media":21138,"comment_status":"open","ping_status":"closed","template":"","meta":[],"product_brand":[],"product_cat":[638,639],"product_tag":[692,682,669,830],"class_list":{"0":"post-22072","1":"product","2":"type-product","3":"status-publish","4":"has-post-thumbnail","6":"product_cat-decorations","7":"product_cat-fleurs","8":"product_tag-branches","9":"product_tag-decoration","10":"product_tag-fleurs","11":"product_tag-pavot","13":"first","14":"instock","15":"taxable","16":"shipping-taxable","17":"purchasable","18":"product-type-variable"},"_links":{"self":[{"href":"https:\/\/dreamonwedding.it\/fr\/wp-json\/wp\/v2\/product\/22072","targetHints":{"allow":["GET"]}}],"collection":[{"href":"https:\/\/dreamonwedding.it\/fr\/wp-json\/wp\/v2\/product"}],"about":[{"href":"https:\/\/dreamonwedding.it\/fr\/wp-json\/wp\/v2\/types\/product"}],"replies":[{"embeddable":true,"href":"https:\/\/dreamonwedding.it\/fr\/wp-json\/wp\/v2\/comments?post=22072"}],"wp:featuredmedia":[{"embeddable":true,"href":"https:\/\/dreamonwedding.it\/fr\/wp-json\/wp\/v2\/media\/21138"}],"wp:attachment":[{"href":"https:\/\/dreamonwedding.it\/fr\/wp-json\/wp\/v2\/media?parent=22072"}],"wp:term":[{"taxonomy":"product_brand","embeddable":true,"href":"https:\/\/dreamonwedding.it\/fr\/wp-json\/wp\/v2\/product_brand?post=22072"},{"taxonomy":"product_cat","embeddable":true,"href":"https:\/\/dreamonwedding.it\/fr\/wp-json\/wp\/v2\/product_cat?post=22072"},{"taxonomy":"product_tag","embeddable":true,"href":"https:\/\/dreamonwedding.it\/fr\/wp-json\/wp\/v2\/product_tag?post=22072"}],"curies":[{"name":"wp","href":"https:\/\/api.w.org\/{rel}","templated":true}]}}