{"id":22077,"date":"2023-03-01T17:38:23","date_gmt":"2023-03-01T16:38:23","guid":{"rendered":"https:\/\/dreamonwedding.it\/product\/francese-coupe-dragee-en-verre-cisele-base-argent\/"},"modified":"2023-03-01T17:38:23","modified_gmt":"2023-03-01T16:38:23","slug":"francese-coupe-dragee-en-verre-cisele-base-argent","status":"publish","type":"product","link":"https:\/\/dreamonwedding.it\/fr\/produit\/francese-coupe-dragee-en-verre-cisele-base-argent\/","title":{"rendered":"Francese  Coupe drag\u00e9e en verre cisel\u00e9 &#8211; Base argent"},"content":{"rendered":"<h5>Gobelet en verre cisel\u00e9 avec base en argent.<\/h5>\n<p>Coupe en verre finement cisel\u00e9 avec base en argent, utilisable comme centre de table et d\u00e9coration pour les mariages et les \u00e9v\u00e9nements en g\u00e9n\u00e9ral.<\/p>\n<p>Id\u00e9al pour les drag\u00e9es ou comme r\u00e9cipient pour les petites pi\u00e8ces et les faveurs.<\/p>\n<p>&nbsp;<\/p>\n<p>Nous garantissons la livraison express par courrier DHL (2-3 jours ouvrables).<\/p>\n<p>Si vous \u00eates un professionnel ou si vous avez besoin de ce produit en plus grande quantit\u00e9 que le stock affich\u00e9 sur le site <a href=\"https:\/\/dreamonwedding.it\/exclusive-italy-wedding-planner\/\">contactez-nous<\/ a> pour obtenir un devis personnalis\u00e9 ou des d\u00e9tails sur nos produits professionnels pour les organisateurs de mariages et les d\u00e9corateurs d&rsquo;int\u00e9rieur.<\/p>\n<p>Suivez-nous sur <a href=\"https:\/\/www.instagram.com\/dreamon_emporio\/\" target=\"_blank\" rel=\"noopener\"> Instagram<\/a> pour vous inspirer ou rendez-nous visite sur notre <a href=\"https:\/\/g.page\/ dream-on-emporio?we\" target=\"_blank\" rel=\"noopener\">Showroom !<\/a><\/p>\n","protected":false},"excerpt":{"rendered":"<p>Gobelet en verre cisel\u00e9 avec base en argent, utilisable comme centre de table et d\u00e9coration pour les mariages et les \u00e9v\u00e9nements en g\u00e9n\u00e9ral.<\/p>\n<p>Id\u00e9al pour les drag\u00e9es ou comme r\u00e9cipient pour les petites pi\u00e8ces et les faveurs.<\/p>\n","protected":false},"featured_media":21147,"comment_status":"open","ping_status":"closed","template":"","meta":[],"product_brand":[],"product_cat":[638,634],"product_tag":[722,726,723,691],"class_list":{"0":"post-22077","1":"product","2":"type-product","3":"status-publish","4":"has-post-thumbnail","6":"product_cat-decorations","7":"product_cat-tasse","8":"product_tag-cisele","9":"product_tag-coupe","10":"product_tag-dragees","11":"product_tag-verre","13":"first","14":"instock","15":"taxable","16":"shipping-taxable","17":"purchasable","18":"product-type-simple"},"_links":{"self":[{"href":"https:\/\/dreamonwedding.it\/fr\/wp-json\/wp\/v2\/product\/22077","targetHints":{"allow":["GET"]}}],"collection":[{"href":"https:\/\/dreamonwedding.it\/fr\/wp-json\/wp\/v2\/product"}],"about":[{"href":"https:\/\/dreamonwedding.it\/fr\/wp-json\/wp\/v2\/types\/product"}],"replies":[{"embeddable":true,"href":"https:\/\/dreamonwedding.it\/fr\/wp-json\/wp\/v2\/comments?post=22077"}],"wp:featuredmedia":[{"embeddable":true,"href":"https:\/\/dreamonwedding.it\/fr\/wp-json\/wp\/v2\/media\/21147"}],"wp:attachment":[{"href":"https:\/\/dreamonwedding.it\/fr\/wp-json\/wp\/v2\/media?parent=22077"}],"wp:term":[{"taxonomy":"product_brand","embeddable":true,"href":"https:\/\/dreamonwedding.it\/fr\/wp-json\/wp\/v2\/product_brand?post=22077"},{"taxonomy":"product_cat","embeddable":true,"href":"https:\/\/dreamonwedding.it\/fr\/wp-json\/wp\/v2\/product_cat?post=22077"},{"taxonomy":"product_tag","embeddable":true,"href":"https:\/\/dreamonwedding.it\/fr\/wp-json\/wp\/v2\/product_tag?post=22077"}],"curies":[{"name":"wp","href":"https:\/\/api.w.org\/{rel}","templated":true}]}}