{"id":22078,"date":"2023-03-08T08:57:47","date_gmt":"2023-03-08T07:57:47","guid":{"rendered":"https:\/\/dreamonwedding.it\/product\/cylindre-en-verre-cisele-decoration-etoile\/"},"modified":"2023-03-08T08:57:47","modified_gmt":"2023-03-08T07:57:47","slug":"cylindre-en-verre-cisele-decoration-etoile","status":"publish","type":"product","link":"https:\/\/dreamonwedding.it\/fr\/produit\/cylindre-en-verre-cisele-decoration-etoile\/","title":{"rendered":"Cylindre en Verre Cisel\u00e9 &#8211; D\u00e9coration \u00c9toile"},"content":{"rendered":"<h5>Cylindre en verre cisel\u00e9 \u00e0 d\u00e9cor d&rsquo;\u00e9toiles.<\/h5>\n<p>Cylindre en verre cisel\u00e9 \u00e0 d\u00e9cor d&rsquo;\u00e9toiles, utilisable comme centre de table et d\u00e9coration pour mariages et \u00e9v\u00e9nements en g\u00e9n\u00e9ral.<\/p>\n<p>Id\u00e9al pour les drag\u00e9es ou comme r\u00e9cipient pour les petites pi\u00e8ces et les faveurs.<\/p>\n<p>&nbsp;<\/p>\n<p>Nous garantissons la livraison express par courrier DHL (2-3 jours ouvrables).<\/p>\n<p>Si vous \u00eates un professionnel ou si vous avez besoin de ce produit en plus grande quantit\u00e9 que le stock affich\u00e9 sur le site <a href=\"https:\/\/dreamonwedding.it\/exclusive-italy-wedding-planner\/\">contactez-nous<\/ a> pour obtenir un devis personnalis\u00e9 ou des d\u00e9tails sur nos produits professionnels pour les organisateurs de mariages et les d\u00e9corateurs d&rsquo;int\u00e9rieur.<\/p>\n<p>Suivez-nous sur <a href=\"https:\/\/www.instagram.com\/dreamon_emporio\/\" target=\"_blank\" rel=\"noopener\"> Instagram<\/a> pour vous inspirer ou rendez-nous visite sur notre <a href=\"https:\/\/g.page\/ dream-on-emporio?we\" target=\"_blank\" rel=\"noopener\">Showroom !<\/a><\/p>\n","protected":false},"excerpt":{"rendered":"<p>Cylindre en verre cisel\u00e9 \u00e0 d\u00e9cor d&rsquo;\u00e9toiles, utilisable comme centre de table et d\u00e9coration pour mariages et \u00e9v\u00e9nements en g\u00e9n\u00e9ral.<\/p>\n<p>Id\u00e9al pour les drag\u00e9es ou comme r\u00e9cipient pour les petites pi\u00e8ces et les faveurs.<\/p>\n","protected":false},"featured_media":21150,"comment_status":"open","ping_status":"closed","template":"","meta":[],"product_brand":[],"product_cat":[633],"product_tag":[722,726,831,723,691],"class_list":{"0":"post-22078","1":"product","2":"type-product","3":"status-publish","4":"has-post-thumbnail","6":"product_cat-conteneurs","7":"product_tag-cisele","8":"product_tag-coupe","9":"product_tag-cylindre","10":"product_tag-dragees","11":"product_tag-verre","13":"first","14":"instock","15":"taxable","16":"shipping-taxable","17":"purchasable","18":"product-type-simple"},"_links":{"self":[{"href":"https:\/\/dreamonwedding.it\/fr\/wp-json\/wp\/v2\/product\/22078","targetHints":{"allow":["GET"]}}],"collection":[{"href":"https:\/\/dreamonwedding.it\/fr\/wp-json\/wp\/v2\/product"}],"about":[{"href":"https:\/\/dreamonwedding.it\/fr\/wp-json\/wp\/v2\/types\/product"}],"replies":[{"embeddable":true,"href":"https:\/\/dreamonwedding.it\/fr\/wp-json\/wp\/v2\/comments?post=22078"}],"wp:featuredmedia":[{"embeddable":true,"href":"https:\/\/dreamonwedding.it\/fr\/wp-json\/wp\/v2\/media\/21150"}],"wp:attachment":[{"href":"https:\/\/dreamonwedding.it\/fr\/wp-json\/wp\/v2\/media?parent=22078"}],"wp:term":[{"taxonomy":"product_brand","embeddable":true,"href":"https:\/\/dreamonwedding.it\/fr\/wp-json\/wp\/v2\/product_brand?post=22078"},{"taxonomy":"product_cat","embeddable":true,"href":"https:\/\/dreamonwedding.it\/fr\/wp-json\/wp\/v2\/product_cat?post=22078"},{"taxonomy":"product_tag","embeddable":true,"href":"https:\/\/dreamonwedding.it\/fr\/wp-json\/wp\/v2\/product_tag?post=22078"}],"curies":[{"name":"wp","href":"https:\/\/api.w.org\/{rel}","templated":true}]}}